{"id":3082,"date":"2022-07-14T10:30:29","date_gmt":"2022-07-14T13:30:29","guid":{"rendered":"http:\/\/selecoes.epistemeonline.com\/?page_id=3082"},"modified":"2022-07-14T10:30:29","modified_gmt":"2022-07-14T13:30:29","slug":"ejaanosiniciais","status":"publish","type":"page","link":"https:\/\/selecoes.epistemeonline.com\/index.php\/ejaanosiniciais\/","title":{"rendered":"ejaanosiniciais"},"content":{"rendered":"<div class=\"wpforms-container wpforms-container-full\" id=\"wpforms-3081\"><form id=\"wpforms-form-3081\" class=\"wpforms-validate wpforms-form\" data-formid=\"3081\" method=\"post\" enctype=\"multipart\/form-data\" action=\"\/index.php\/wp-json\/wp\/v2\/pages\/3082?wpforms_form_id=3081\" data-token=\"ab9a71a0c05259773d523006a6d194d3\"><noscript class=\"wpforms-error-noscript\">Ative o JavaScript no seu navegador para preencher este formul\u00e1rio.<\/noscript><div class=\"wpforms-field-container\"><div id=\"wpforms-3081-field_1-container\" class=\"wpforms-field wpforms-field-select wpforms-field-select-style-classic\" data-field-id=\"1\"><label class=\"wpforms-field-label\" for=\"wpforms-3081-field_1\">CANDIDATO <span class=\"wpforms-required-label\">*<\/span><\/label><select id=\"wpforms-3081-field_1\" class=\"wpforms-field-medium wpforms-field-required\" name=\"wpforms[fields][1]\" required=\"required\"><option value=\"ADAILDO DOS SANTOS OLIVEIRA\" >ADAILDO DOS SANTOS OLIVEIRA<\/option><option value=\"ADAILTON BATISTA\" >ADAILTON BATISTA<\/option><option value=\"ALANE DA SILVA SANTOS\" >ALANE DA SILVA SANTOS<\/option><option value=\"ALDENIA OLIVEIRA DA SILVA DOS SANTOS\" >ALDENIA OLIVEIRA DA SILVA DOS SANTOS<\/option><option value=\"AMANXECELLE THAMYNE SOARES AMORIM\" >AMANXECELLE THAMYNE SOARES AMORIM<\/option><option value=\"ANA PAULA DOS SANTOS\" >ANA PAULA DOS SANTOS<\/option><option value=\"ANDERSON ANTONIO CORREIA DA SILVA\" >ANDERSON ANTONIO CORREIA DA SILVA<\/option><option value=\"ANGELICA MARIA DOS SANTOS\" >ANGELICA MARIA DOS SANTOS<\/option><option value=\"CARLOS EDUARDO DOS SANTOS SILVA\" >CARLOS EDUARDO DOS SANTOS SILVA<\/option><option value=\"CAROLYNE BATISTA DA SILVA\" >CAROLYNE BATISTA DA SILVA<\/option><option value=\"CICERA FERNANDA DA SILVA SOUZA\" >CICERA FERNANDA DA SILVA SOUZA<\/option><option value=\"CICERO FERNANDO DA SILVA\" >CICERO FERNANDO DA SILVA<\/option><option value=\"CL\u00c9BIA MARIA SANTOS COSTA\" >CL\u00c9BIA MARIA SANTOS COSTA<\/option><option value=\"CLESIA MARIA DE OLIVEIRA SANTOS\" >CLESIA MARIA DE OLIVEIRA SANTOS<\/option><option value=\"DALVANI DOS SANTOS OLIVEIRA\" >DALVANI DOS SANTOS OLIVEIRA<\/option><option value=\"EDVAN DOS SANTOS\" >EDVAN DOS SANTOS<\/option><option value=\"ELIZANGELA DE LIRA C\u00c2NDIDO\" >ELIZANGELA DE LIRA C\u00c2NDIDO<\/option><option value=\"EMANUELA DE SENA SANTOS\" >EMANUELA DE SENA SANTOS<\/option><option value=\"FABIANA DA SILVA SANTOS\" >FABIANA DA SILVA SANTOS<\/option><option value=\"FERNANDA NUNES OLIVEIRA DOS SANTOS\" >FERNANDA NUNES OLIVEIRA DOS SANTOS<\/option><option value=\"GABRIELLA DOS SANTOS PEREIRA\" >GABRIELLA DOS SANTOS PEREIRA<\/option><option value=\"GENIANE DOS SANTOS FERREIRA\" >GENIANE DOS SANTOS FERREIRA<\/option><option value=\"GISELIA PEREIRA DOS SANTOS\" >GISELIA PEREIRA DOS SANTOS<\/option><option value=\"GIVANILDO DOS SANTOS FARIAS\" >GIVANILDO DOS SANTOS FARIAS<\/option><option value=\"HELAINE DOS SANTOS TESCH\" >HELAINE DOS SANTOS TESCH<\/option><option value=\"IONARAH ALANNA NOBRE SANTOS\" >IONARAH ALANNA NOBRE SANTOS<\/option><option value=\"ISABELY GERONIMO PACHECO DOS SANTOS\" >ISABELY GERONIMO PACHECO DOS SANTOS<\/option><option value=\"JADNA FRANCISCO DOS SANTOS\" >JADNA FRANCISCO DOS SANTOS<\/option><option value=\"J\u00c9SSICA ALVES IN\u00c1CIO DOS SANTOS\" >J\u00c9SSICA ALVES IN\u00c1CIO DOS SANTOS<\/option><option value=\"J\u00c9SSICA CAROLINE MARCELINO DE HOLANDA VIEIRA DE LIMA\" >J\u00c9SSICA CAROLINE MARCELINO DE HOLANDA VIEIRA DE LIMA<\/option><option value=\"JISELMA VIEIRA FARIAS\" >JISELMA VIEIRA FARIAS<\/option><option value=\"JO\u00c3O CARLOS MOREIRA DOS SANTOS\" >JO\u00c3O CARLOS MOREIRA DOS SANTOS<\/option><option value=\"JOSE ADRIANO SANTOS LIMA\" >JOSE ADRIANO SANTOS LIMA<\/option><option value=\"JOSE HELENILSON DA SILVA SANTOS\" >JOSE HELENILSON DA SILVA SANTOS<\/option><option value=\"JOS\u00c9 SANTANA DE CARVALHO\" >JOS\u00c9 SANTANA DE CARVALHO<\/option><option value=\"KELI MARIA SANTOS\" >KELI MARIA SANTOS<\/option><option value=\"LA\u00cdS JESSICA DOS SANTOS SILVA\" >LA\u00cdS JESSICA DOS SANTOS SILVA<\/option><option value=\"LAIZA LIMEIRA DOS SANTOS\" >LAIZA LIMEIRA DOS SANTOS<\/option><option value=\"LIDIANE DOS SANTOS CAJUZA\" >LIDIANE DOS SANTOS CAJUZA<\/option><option value=\"LUANA LIMEIRA DOS SANTOS\" >LUANA LIMEIRA DOS SANTOS<\/option><option value=\"MARIA CRISTINA DE LIMA FERREIRA\" >MARIA CRISTINA DE LIMA FERREIRA<\/option><option value=\"MARIA DAS GRA\u00c7AS DOS SANTOS\" >MARIA DAS GRA\u00c7AS DOS SANTOS<\/option><option value=\"MARIA DE LOURDES FERREIRA LIMA\" >MARIA DE LOURDES FERREIRA LIMA<\/option><option value=\"MARIA JOS\u00c9 FERREIRA DA CONCEI\u00c7\u00c3O\" >MARIA JOS\u00c9 FERREIRA DA CONCEI\u00c7\u00c3O<\/option><option value=\"MARIA LINDAIANA DOS SANTOS\" >MARIA LINDAIANA DOS SANTOS<\/option><option value=\"MARIA LUCIENE ALVARO BATISTA\" >MARIA LUCIENE ALVARO BATISTA<\/option><option value=\"MARIA LUZIA DA SILVA\" >MARIA LUZIA DA SILVA<\/option><option value=\"MARIA NADEGE PACHECO DOS SANTOS\" >MARIA NADEGE PACHECO DOS SANTOS<\/option><option value=\"MARIA SIDELMA BARBOSA SANTOS CATUM\" >MARIA SIDELMA BARBOSA SANTOS CATUM<\/option><option value=\"MIRIAN RODRIGUES DA ROCHA SOUZA\" >MIRIAN RODRIGUES DA ROCHA SOUZA<\/option><option value=\"MOACIR FRANCISCO DOS SANTOS J\u00daNIOR\" >MOACIR FRANCISCO DOS SANTOS J\u00daNIOR<\/option><option value=\"NADEGE FERREIRA DA SILVA\" >NADEGE FERREIRA DA SILVA<\/option><option value=\"NAYANE GALDINI VASCONCELOS\" >NAYANE GALDINI VASCONCELOS<\/option><option value=\"RAFAELA DOS SANTOS\" >RAFAELA DOS SANTOS<\/option><option value=\"RIKELE VITORIA MARINHO DA SILVA\" >RIKELE VITORIA MARINHO DA SILVA<\/option><option value=\"ROSIMEIRE MARIA DOS SANTOS\" >ROSIMEIRE MARIA DOS SANTOS<\/option><option value=\"SHIRLEY ROSE DOS SANTOS FERREIRA\" >SHIRLEY ROSE DOS SANTOS FERREIRA<\/option><option value=\"TYFANE DOS SANTOS LOPES\" >TYFANE DOS SANTOS LOPES<\/option><option value=\"VALQU\u00cdRIA DOS SANTOS LIMA\" >VALQU\u00cdRIA DOS SANTOS LIMA<\/option><option value=\"VALQUIRIA DOS SANTOS OLIVEIRA\" >VALQUIRIA DOS SANTOS OLIVEIRA<\/option><option value=\"VANILRA MARIA DOS SANTOS MAREIRA\" >VANILRA MARIA DOS SANTOS MAREIRA<\/option><option value=\"WANESSA ARAUJO DA SILVA SANTOS\" >WANESSA ARAUJO DA SILVA SANTOS<\/option><option value=\"WLADIMIR DE OLIVEIRA ALVES\" >WLADIMIR DE OLIVEIRA ALVES<\/option><\/select><\/div><div id=\"wpforms-3081-field_2-container\" class=\"wpforms-field wpforms-field-text\" data-field-id=\"2\"><label class=\"wpforms-field-label\" for=\"wpforms-3081-field_2\">N\u00daMERO DO CPF <span class=\"wpforms-required-label\">*<\/span><\/label><input type=\"text\" id=\"wpforms-3081-field_2\" class=\"wpforms-field-medium wpforms-field-required\" name=\"wpforms[fields][2]\" required><\/div><div id=\"wpforms-3081-field_3-container\" class=\"wpforms-field wpforms-field-file-upload\" data-field-id=\"3\"><label class=\"wpforms-field-label\" for=\"wpforms-3081-field_3\">COMPROVANTE DE ESCOLARIDADE<\/label><div class=\"wpforms-uploader\"\n\tdata-field-id=\"3\"\n\tdata-form-id=\"3081\"\n\tdata-input-name=\"wpforms_3081_3\"\n\tdata-extensions=\"pdf\"\n\tdata-max-size=\"10485760\"\n\tdata-max-file-number=\"4\"\n\tdata-post-max-size=\"3221225472\"\n    data-max-parallel-uploads=\"4\"\n    data-parallel-uploads=\"true\"\n\tdata-file-chunk-size=\"2097152\">\n\t<div class=\"dz-message\">\n\t\t<svg viewBox=\"0 0 1024 1024\" focusable=\"false\" class=\"\" data-icon=\"inbox\" width=\"50px\" height=\"50px\" fill=\"#B1B1B1\" aria-hidden=\"true\"><path d=\"M885.2 446.3l-.2-.8-112.2-285.1c-5-16.1-19.9-27.2-36.8-27.2H281.2c-17 0-32.1 11.3-36.9 27.6L139.4 443l-.3.7-.2.8c-1.3 4.9-1.7 9.9-1 14.8-.1 1.6-.2 3.2-.2 4.8V830a60.9 60.9 0 0 0 60.8 60.8h627.2c33.5 0 60.8-27.3 60.9-60.8V464.1c0-1.3 0-2.6-.1-3.7.4-4.9 0-9.6-1.3-14.1zm-295.8-43l-.3 15.7c-.8 44.9-31.8 75.1-77.1 75.1-22.1 0-41.1-7.1-54.8-20.6S436 441.2 435.6 419l-.3-15.7H229.5L309 210h399.2l81.7 193.3H589.4zm-375 76.8h157.3c24.3 57.1 76 90.8 140.4 90.8 33.7 0 65-9.4 90.3-27.2 22.2-15.6 39.5-37.4 50.7-63.6h156.5V814H214.4V480.1z\"><\/path><\/svg>\n\t\t<span class=\"modern-title\">\n\t\t\tClique ou arraste os arquivos para esta \u00e1rea para fazer upload.\t\t<\/span>\n\n\t\t\t\t\t<span class=\"modern-hint\">\n\t\t\t\tVoc\u00ea pode enviar at\u00e9 4 arquivos.\t\t\t<\/span>\n\t\t\t<\/div>\n<\/div>\n<input type=\"text\" class=\"dropzone-input\"\n\tstyle=\"position:absolute!important;clip:rect(0,0,0,0)!important;height:1px!important;width:1px!important;border:0!important;overflow:hidden!important;padding:0!important;margin:0!important;\"\n\tid=\"wpforms-3081-field_3\"\n\tname=\"wpforms_3081_3\" >\n<div class=\"wpforms-field-description\">AT\u00c9 4 ARQUIVOS. FORMATO:.PDF<\/div><\/div><div id=\"wpforms-3081-field_4-container\" class=\"wpforms-field wpforms-field-file-upload\" data-field-id=\"4\"><label class=\"wpforms-field-label\" for=\"wpforms-3081-field_4\">COMPROVANTE DE EXPERI\u00caNCIA<\/label><div class=\"wpforms-uploader\"\n\tdata-field-id=\"4\"\n\tdata-form-id=\"3081\"\n\tdata-input-name=\"wpforms_3081_4\"\n\tdata-extensions=\"pdf\"\n\tdata-max-size=\"10485760\"\n\tdata-max-file-number=\"4\"\n\tdata-post-max-size=\"3221225472\"\n    data-max-parallel-uploads=\"4\"\n    data-parallel-uploads=\"true\"\n\tdata-file-chunk-size=\"2097152\">\n\t<div class=\"dz-message\">\n\t\t<svg viewBox=\"0 0 1024 1024\" focusable=\"false\" class=\"\" data-icon=\"inbox\" width=\"50px\" height=\"50px\" fill=\"#B1B1B1\" aria-hidden=\"true\"><path d=\"M885.2 446.3l-.2-.8-112.2-285.1c-5-16.1-19.9-27.2-36.8-27.2H281.2c-17 0-32.1 11.3-36.9 27.6L139.4 443l-.3.7-.2.8c-1.3 4.9-1.7 9.9-1 14.8-.1 1.6-.2 3.2-.2 4.8V830a60.9 60.9 0 0 0 60.8 60.8h627.2c33.5 0 60.8-27.3 60.9-60.8V464.1c0-1.3 0-2.6-.1-3.7.4-4.9 0-9.6-1.3-14.1zm-295.8-43l-.3 15.7c-.8 44.9-31.8 75.1-77.1 75.1-22.1 0-41.1-7.1-54.8-20.6S436 441.2 435.6 419l-.3-15.7H229.5L309 210h399.2l81.7 193.3H589.4zm-375 76.8h157.3c24.3 57.1 76 90.8 140.4 90.8 33.7 0 65-9.4 90.3-27.2 22.2-15.6 39.5-37.4 50.7-63.6h156.5V814H214.4V480.1z\"><\/path><\/svg>\n\t\t<span class=\"modern-title\">\n\t\t\tClique ou arraste os arquivos para esta \u00e1rea para fazer upload.\t\t<\/span>\n\n\t\t\t\t\t<span class=\"modern-hint\">\n\t\t\t\tVoc\u00ea pode enviar at\u00e9 4 arquivos.\t\t\t<\/span>\n\t\t\t<\/div>\n<\/div>\n<input type=\"text\" class=\"dropzone-input\"\n\tstyle=\"position:absolute!important;clip:rect(0,0,0,0)!important;height:1px!important;width:1px!important;border:0!important;overflow:hidden!important;padding:0!important;margin:0!important;\"\n\tid=\"wpforms-3081-field_4\"\n\tname=\"wpforms_3081_4\" >\n<div class=\"wpforms-field-description\">AT\u00c9 4 ARQUIVOS. FORMATO:.PDF<\/div><\/div><\/div><div class=\"wpforms-submit-container\" ><input type=\"hidden\" name=\"wpforms[id]\" value=\"3081\"><input type=\"hidden\" name=\"wpforms[author]\" value=\"2\"><button type=\"submit\" name=\"wpforms[submit]\" class=\"wpforms-submit \" id=\"wpforms-submit-3081\" value=\"wpforms-submit\" aria-live=\"assertive\" data-alt-text=\"Enviando...\" data-submit-text=\"Enviar\">Enviar<\/button><\/div><\/form><\/div>  <!-- .wpforms-container -->","protected":false},"excerpt":{"rendered":"","protected":false},"author":2,"featured_media":0,"parent":0,"menu_order":0,"comment_status":"closed","ping_status":"closed","template":"","meta":{"footnotes":""},"class_list":["post-3082","page","type-page","status-publish","hentry"],"_links":{"self":[{"href":"https:\/\/selecoes.epistemeonline.com\/index.php\/wp-json\/wp\/v2\/pages\/3082","targetHints":{"allow":["GET"]}}],"collection":[{"href":"https:\/\/selecoes.epistemeonline.com\/index.php\/wp-json\/wp\/v2\/pages"}],"about":[{"href":"https:\/\/selecoes.epistemeonline.com\/index.php\/wp-json\/wp\/v2\/types\/page"}],"author":[{"embeddable":true,"href":"https:\/\/selecoes.epistemeonline.com\/index.php\/wp-json\/wp\/v2\/users\/2"}],"replies":[{"embeddable":true,"href":"https:\/\/selecoes.epistemeonline.com\/index.php\/wp-json\/wp\/v2\/comments?post=3082"}],"version-history":[{"count":1,"href":"https:\/\/selecoes.epistemeonline.com\/index.php\/wp-json\/wp\/v2\/pages\/3082\/revisions"}],"predecessor-version":[{"id":3083,"href":"https:\/\/selecoes.epistemeonline.com\/index.php\/wp-json\/wp\/v2\/pages\/3082\/revisions\/3083"}],"wp:attachment":[{"href":"https:\/\/selecoes.epistemeonline.com\/index.php\/wp-json\/wp\/v2\/media?parent=3082"}],"curies":[{"name":"wp","href":"https:\/\/api.w.org\/{rel}","templated":true}]}}