{"id":3206,"date":"2022-08-25T20:55:53","date_gmt":"2022-08-25T23:55:53","guid":{"rendered":"http:\/\/selecoes.epistemeonline.com\/?page_id=3206"},"modified":"2022-08-25T20:55:54","modified_gmt":"2022-08-25T23:55:54","slug":"inscricao-curso-de-libras","status":"publish","type":"page","link":"https:\/\/selecoes.epistemeonline.com\/index.php\/inscricao-curso-de-libras\/","title":{"rendered":"INSCRI\u00c7\u00c3O CURSO DE LIBRAS"},"content":{"rendered":"<div class=\"wpforms-container wpforms-container-full\" id=\"wpforms-3184\"><form id=\"wpforms-form-3184\" class=\"wpforms-validate wpforms-form\" data-formid=\"3184\" method=\"post\" enctype=\"multipart\/form-data\" action=\"\/index.php\/wp-json\/wp\/v2\/pages\/3206\" data-token=\"687f8a0144b2af1f5906241b0ebb9db1\"><noscript class=\"wpforms-error-noscript\">Ative o JavaScript no seu navegador para preencher este formul\u00e1rio.<\/noscript><div class=\"wpforms-field-container\"><div id=\"wpforms-3184-field_1-container\" class=\"wpforms-field wpforms-field-text\" data-field-id=\"1\"><label class=\"wpforms-field-label\" for=\"wpforms-3184-field_1\">NOME COMPLETO <span class=\"wpforms-required-label\">*<\/span><\/label><input type=\"text\" id=\"wpforms-3184-field_1\" class=\"wpforms-field-medium wpforms-field-required\" name=\"wpforms[fields][1]\" required><\/div><div id=\"wpforms-3184-field_3-container\" class=\"wpforms-field wpforms-field-text\" data-field-id=\"3\"><label class=\"wpforms-field-label\" for=\"wpforms-3184-field_3\">N\u00daMERO DO CPF<\/label><input type=\"text\" id=\"wpforms-3184-field_3\" class=\"wpforms-field-medium\" name=\"wpforms[fields][3]\" ><\/div><div id=\"wpforms-3184-field_9-container\" class=\"wpforms-field wpforms-field-select wpforms-field-select-style-classic\" data-field-id=\"9\"><label class=\"wpforms-field-label\" for=\"wpforms-3184-field_9\">MUNIC\u00cdPIO<\/label><select id=\"wpforms-3184-field_9\" class=\"wpforms-field-medium\" name=\"wpforms[fields][9]\"><option value=\"CAMPO GRANDE\" >CAMPO GRANDE<\/option><option value=\"GIRAU PONCIANO\" >GIRAU PONCIANO<\/option><option value=\"IBATEGUARA\" >IBATEGUARA<\/option><option value=\"CARNEIROS\" >CARNEIROS<\/option><option value=\"CAMPO ALEGRE\" >CAMPO ALEGRE<\/option><option value=\"BOCA DA MATA\" >BOCA DA MATA<\/option><option value=\"SENADOR RUI PALMEIRA\" >SENADOR RUI PALMEIRA<\/option><option value=\"BELO MONTE \" >BELO MONTE <\/option><option value=\"MARAVILHA\" >MARAVILHA<\/option><option value=\"S\u00c3O SEBASTI\u00c3O\" >S\u00c3O SEBASTI\u00c3O<\/option><option value=\"OLHO D&#039;\u00c1GUA GRANDE\" >OLHO D&#039;\u00c1GUA GRANDE<\/option><\/select><\/div><div id=\"wpforms-3184-field_10-container\" class=\"wpforms-field wpforms-field-phone\" data-field-id=\"10\"><label class=\"wpforms-field-label\" for=\"wpforms-3184-field_10\">Telefone<\/label><input type=\"tel\" id=\"wpforms-3184-field_10\" class=\"wpforms-field-medium wpforms-smart-phone-field\" data-rule-smart-phone-field=\"true\" name=\"wpforms[fields][10]\" ><\/div><div id=\"wpforms-3184-field_11-container\" class=\"wpforms-field wpforms-field-address\" data-field-id=\"11\"><label class=\"wpforms-field-label\" for=\"wpforms-3184-field_11\">Endere\u00e7o<\/label><div class=\"wpforms-field-row wpforms-field-medium\"><div ><input type=\"text\" id=\"wpforms-3184-field_11\" class=\"wpforms-field-address-address1\" name=\"wpforms[fields][11][address1]\" ><label for=\"wpforms-3184-field_11\" class=\"wpforms-field-sublabel after \">Endere\u00e7o Linha 1<\/label><\/div><\/div><div class=\"wpforms-field-row wpforms-field-medium\"><div ><input type=\"text\" id=\"wpforms-3184-field_11-address2\" class=\"wpforms-field-address-address2\" name=\"wpforms[fields][11][address2]\" ><label for=\"wpforms-3184-field_11-address2\" class=\"wpforms-field-sublabel after \">Bairro e Complemento<\/label><\/div><\/div><div class=\"wpforms-field-row wpforms-field-medium\"><div class=\"wpforms-field-row-block wpforms-one-half wpforms-first\"><input type=\"text\" id=\"wpforms-3184-field_11-city\" class=\"wpforms-field-address-city\" name=\"wpforms[fields][11][city]\" ><label for=\"wpforms-3184-field_11-city\" class=\"wpforms-field-sublabel after \">Cidade<\/label><\/div><div class=\"wpforms-field-row-block wpforms-one-half\"><select id=\"wpforms-3184-field_11-state\" class=\"wpforms-field-address-state\" name=\"wpforms[fields][11][state]\" ><option value=\"AL\" >Alabama<\/option><option value=\"AK\" >Alaska<\/option><option value=\"AZ\" >Arizona<\/option><option value=\"AR\" >Arkansas<\/option><option value=\"CA\" >Calif\u00f3rnia<\/option><option value=\"CO\" >Colorado<\/option><option value=\"CT\" >Connecticut<\/option><option value=\"DE\" >Delaware<\/option><option value=\"DC\" >Distrito de Columbia<\/option><option value=\"FL\" >Fl\u00f3rida<\/option><option value=\"GA\" >Georgia<\/option><option value=\"HI\" >Hava\u00ed<\/option><option value=\"ID\" >Idaho<\/option><option value=\"IL\" >Illinois<\/option><option value=\"IN\" >Indiana<\/option><option value=\"IA\" >Iowa<\/option><option value=\"KS\" >Kansas<\/option><option value=\"KY\" >Kentucky<\/option><option value=\"LA\" >Louisiana<\/option><option value=\"ME\" >Maine<\/option><option value=\"MD\" >Maryland<\/option><option value=\"MA\" >Massachusetts<\/option><option value=\"MI\" >Michigan<\/option><option value=\"MN\" >Minnesota<\/option><option value=\"MS\" >Mississippi<\/option><option value=\"MO\" >Missouri<\/option><option value=\"MT\" >Montana<\/option><option value=\"NE\" >Nebraska<\/option><option value=\"NV\" >Nevada<\/option><option value=\"NH\" >Nova Hampshire<\/option><option value=\"NJ\" >Nova Jersey<\/option><option value=\"NM\" >Novo M\u00e9xico<\/option><option value=\"NY\" >Nova Iorque<\/option><option value=\"NC\" >Carolina do Norte<\/option><option value=\"ND\" >Dakota do Norte<\/option><option value=\"OH\" >Ohio<\/option><option value=\"OK\" >Oklahoma<\/option><option value=\"OR\" >Oregon<\/option><option value=\"PA\" >Pennsylvania<\/option><option value=\"RI\" >Rhode Island<\/option><option value=\"SC\" >Carolina do Sul<\/option><option value=\"SD\" >Dakota do Sul<\/option><option value=\"TN\" >Tennessee<\/option><option value=\"TX\" >Texas<\/option><option value=\"UT\" >Utah<\/option><option value=\"VT\" >Vermont<\/option><option value=\"VA\" >Virg\u00ednia<\/option><option value=\"WA\" >Washington<\/option><option value=\"WV\" >Virg\u00ednia Ocidental<\/option><option value=\"WI\" >Wisconsin<\/option><option value=\"WY\" >Wyoming<\/option><\/select><label for=\"wpforms-3184-field_11-state\" class=\"wpforms-field-sublabel after \">Estado<\/label><\/div><\/div><div class=\"wpforms-field-row wpforms-field-medium\"><div class=\"wpforms-field-row-block wpforms-one-half wpforms-first\"><input type=\"text\" id=\"wpforms-3184-field_11-postal\" class=\"wpforms-field-address-postal wpforms-masked-input\" data-inputmask-mask=\"99999[-9999]\" data-inputmask-greedy=\"false\" data-rule-empty-blanks=\"1\" name=\"wpforms[fields][11][postal]\" ><label for=\"wpforms-3184-field_11-postal\" class=\"wpforms-field-sublabel after \">C\u00f3digo postal<\/label><\/div><\/div><\/div><div id=\"wpforms-3184-field_12-container\" class=\"wpforms-field wpforms-field-email\" data-field-id=\"12\"><label class=\"wpforms-field-label\" for=\"wpforms-3184-field_12\">E-mail <span class=\"wpforms-required-label\">*<\/span><\/label><input type=\"email\" id=\"wpforms-3184-field_12\" class=\"wpforms-field-medium wpforms-field-required\" name=\"wpforms[fields][12]\" required><\/div><div id=\"wpforms-3184-field_13-container\" class=\"wpforms-field wpforms-field-select wpforms-field-select-style-classic\" data-field-id=\"13\"><label class=\"wpforms-field-label\" for=\"wpforms-3184-field_13\">PERFIL<\/label><select id=\"wpforms-3184-field_13\" class=\"wpforms-field-medium\" name=\"wpforms[fields][13]\"><option value=\"DIRETOR\" >DIRETOR<\/option><option value=\"COMUNIDADE\" >COMUNIDADE<\/option><option value=\"COORDENADOR\" >COORDENADOR<\/option><option value=\"PROFESSOR\" >PROFESSOR<\/option><option value=\"ALUNO\" >ALUNO<\/option><\/select><\/div><div id=\"wpforms-3184-field_14-container\" class=\"wpforms-field wpforms-field-select wpforms-field-select-style-classic\" data-field-id=\"14\"><label class=\"wpforms-field-label\" for=\"wpforms-3184-field_14\">J\u00c1 PARTICIPOU DE ALGUM CURSO DE LIBRAS<\/label><select id=\"wpforms-3184-field_14\" class=\"wpforms-field-medium\" name=\"wpforms[fields][14]\"><option value=\"SIM\" >SIM<\/option><option value=\"N\u00c3O\" >N\u00c3O<\/option><\/select><\/div><div id=\"wpforms-3184-field_15-container\" class=\"wpforms-field wpforms-field-select wpforms-field-select-style-classic\" data-field-id=\"15\"><label class=\"wpforms-field-label\" for=\"wpforms-3184-field_15\">N\u00cdVEL DE ESCOLARIDADE <\/label><select id=\"wpforms-3184-field_15\" class=\"wpforms-field-medium\" name=\"wpforms[fields][15]\"><option value=\"N\u00cdVEL FUNDAMENTAL\" >N\u00cdVEL FUNDAMENTAL<\/option><option value=\"ENSINO M\u00c9DIO \" >ENSINO M\u00c9DIO <\/option><option value=\"N\u00cdVEL SUPERIOR \" >N\u00cdVEL SUPERIOR <\/option><option value=\"P\u00d3S-GRADUA\u00c7\u00c3O\" >P\u00d3S-GRADUA\u00c7\u00c3O<\/option><\/select><\/div><div id=\"wpforms-3184-field_16-container\" class=\"wpforms-field wpforms-field-select wpforms-field-select-style-classic\" data-field-id=\"16\"><label class=\"wpforms-field-label\" for=\"wpforms-3184-field_16\">CONVIVE COM SURDO?<\/label><select id=\"wpforms-3184-field_16\" class=\"wpforms-field-medium\" name=\"wpforms[fields][16]\"><option value=\"SIM\" >SIM<\/option><option value=\"N\u00c3O\" >N\u00c3O<\/option><option value=\"NO DIA-A-DIA\" >NO DIA-A-DIA<\/option><\/select><\/div><div id=\"wpforms-3184-field_18-container\" class=\"wpforms-field wpforms-field-text\" data-field-id=\"18\"><label class=\"wpforms-field-label\" for=\"wpforms-3184-field_18\">POR QUE PRETENDE FAZER O CURSO LIBRAS<\/label><input type=\"text\" id=\"wpforms-3184-field_18\" class=\"wpforms-field-medium\" name=\"wpforms[fields][18]\" ><\/div><\/div><div class=\"wpforms-submit-container\" ><input type=\"hidden\" name=\"wpforms[id]\" value=\"3184\"><input type=\"hidden\" name=\"wpforms[author]\" value=\"2\"><button type=\"submit\" name=\"wpforms[submit]\" class=\"wpforms-submit \" id=\"wpforms-submit-3184\" value=\"wpforms-submit\" aria-live=\"assertive\" data-alt-text=\"Enviando...\" data-submit-text=\"Enviar\">Enviar<\/button><\/div><\/form><\/div>  <!-- .wpforms-container -->","protected":false},"excerpt":{"rendered":"","protected":false},"author":2,"featured_media":0,"parent":0,"menu_order":0,"comment_status":"closed","ping_status":"closed","template":"","meta":{"footnotes":""},"class_list":["post-3206","page","type-page","status-publish","hentry"],"_links":{"self":[{"href":"https:\/\/selecoes.epistemeonline.com\/index.php\/wp-json\/wp\/v2\/pages\/3206","targetHints":{"allow":["GET"]}}],"collection":[{"href":"https:\/\/selecoes.epistemeonline.com\/index.php\/wp-json\/wp\/v2\/pages"}],"about":[{"href":"https:\/\/selecoes.epistemeonline.com\/index.php\/wp-json\/wp\/v2\/types\/page"}],"author":[{"embeddable":true,"href":"https:\/\/selecoes.epistemeonline.com\/index.php\/wp-json\/wp\/v2\/users\/2"}],"replies":[{"embeddable":true,"href":"https:\/\/selecoes.epistemeonline.com\/index.php\/wp-json\/wp\/v2\/comments?post=3206"}],"version-history":[{"count":1,"href":"https:\/\/selecoes.epistemeonline.com\/index.php\/wp-json\/wp\/v2\/pages\/3206\/revisions"}],"predecessor-version":[{"id":3207,"href":"https:\/\/selecoes.epistemeonline.com\/index.php\/wp-json\/wp\/v2\/pages\/3206\/revisions\/3207"}],"wp:attachment":[{"href":"https:\/\/selecoes.epistemeonline.com\/index.php\/wp-json\/wp\/v2\/media?parent=3206"}],"curies":[{"name":"wp","href":"https:\/\/api.w.org\/{rel}","templated":true}]}}