{"id":4065,"date":"2023-04-02T23:03:42","date_gmt":"2023-04-03T02:03:42","guid":{"rendered":"https:\/\/selecoes.epistemeonline.com\/?page_id=4065"},"modified":"2023-04-02T23:03:43","modified_gmt":"2023-04-03T02:03:43","slug":"premioprofessorsrp","status":"publish","type":"page","link":"https:\/\/selecoes.epistemeonline.com\/index.php\/premioprofessorsrp\/","title":{"rendered":"premioprofessorsrp"},"content":{"rendered":"<div class=\"wpforms-container wpforms-container-full\" id=\"wpforms-4064\"><form id=\"wpforms-form-4064\" class=\"wpforms-validate wpforms-form\" data-formid=\"4064\" method=\"post\" enctype=\"multipart\/form-data\" action=\"\/index.php\/wp-json\/wp\/v2\/pages\/4065\" data-token=\"926f57a4d572acef5996da571db03df5\"><noscript class=\"wpforms-error-noscript\">Ative o JavaScript no seu navegador para preencher este formul\u00e1rio.<\/noscript><div class=\"wpforms-page-indicator progress\" data-indicator=\"progress\" data-indicator-color=\"#72b239\" data-scroll=\"1\"><span class=\"wpforms-page-indicator-page-title\" data-page-2-title=\"RELATO DA EXPERIENCIA\" ><\/span><span class=\"wpforms-page-indicator-page-title-sep\" style=\"display:none;\"> - <\/span><span class=\"wpforms-page-indicator-steps\">Passo <span class=\"wpforms-page-indicator-steps-current\">1<\/span> de 2<\/span><div class=\"wpforms-page-indicator-page-progress-wrap\"><div class=\"wpforms-page-indicator-page-progress\" style=\"width:50%;background-color:#72b239;\"><\/div><\/div><\/div><div class=\"wpforms-field-container\"><div class=\"wpforms-page wpforms-page-1 \"><div id=\"wpforms-4064-field_9-container\" class=\"wpforms-field wpforms-field-pagebreak\" data-field-id=\"9\"><\/div><div id=\"wpforms-4064-field_2-container\" class=\"wpforms-field wpforms-field-text\" data-field-id=\"2\"><label class=\"wpforms-field-label\" for=\"wpforms-4064-field_2\">NOME DO(A) PROFESSOR(A) <span class=\"wpforms-required-label\">*<\/span><\/label><input type=\"text\" id=\"wpforms-4064-field_2\" class=\"wpforms-field-medium wpforms-field-required\" name=\"wpforms[fields][2]\" required><div class=\"wpforms-field-description\">Nome completo sem abrevia\u00e7\u00e3o!<\/div><\/div><div id=\"wpforms-4064-field_3-container\" class=\"wpforms-field wpforms-field-text\" data-field-id=\"3\"><label class=\"wpforms-field-label\" for=\"wpforms-4064-field_3\">CPF DO(A) PROFESSOR(A) <span class=\"wpforms-required-label\">*<\/span><\/label><input type=\"text\" id=\"wpforms-4064-field_3\" class=\"wpforms-field-medium wpforms-field-required\" name=\"wpforms[fields][3]\" required><div class=\"wpforms-field-description\">Utilize o seguinte formato: 999.999.999-99<\/div><\/div><div id=\"wpforms-4064-field_4-container\" class=\"wpforms-field wpforms-field-text\" data-field-id=\"4\"><label class=\"wpforms-field-label\" for=\"wpforms-4064-field_4\">UNIDADE DE ENSINO ONDE A EXPERI\u00caNCIA SER\u00c1 REALIZADA <span class=\"wpforms-required-label\">*<\/span><\/label><input type=\"text\" id=\"wpforms-4064-field_4\" class=\"wpforms-field-medium wpforms-field-required\" name=\"wpforms[fields][4]\" required><\/div><div id=\"wpforms-4064-field_5-container\" class=\"wpforms-field wpforms-field-text\" data-field-id=\"5\"><label class=\"wpforms-field-label\" for=\"wpforms-4064-field_5\">N\u00daMERO DO TELEFONE DO(A) PROFESSOR(A) <span class=\"wpforms-required-label\">*<\/span><\/label><input type=\"text\" id=\"wpforms-4064-field_5\" class=\"wpforms-field-medium wpforms-field-required\" name=\"wpforms[fields][5]\" required><div class=\"wpforms-field-description\">Apenas n\u00fameros: 082999998888<\/div><\/div><div id=\"wpforms-4064-field_6-container\" class=\"wpforms-field wpforms-field-text\" data-field-id=\"6\"><label class=\"wpforms-field-label\" for=\"wpforms-4064-field_6\">E-MAIL PESSOAL DO(A) PROFESSOR(A) <span class=\"wpforms-required-label\">*<\/span><\/label><input type=\"text\" id=\"wpforms-4064-field_6\" class=\"wpforms-field-medium wpforms-field-required\" name=\"wpforms[fields][6]\" required><\/div><div id=\"wpforms-4064-field_7-container\" class=\"wpforms-field wpforms-field-select wpforms-field-select-style-classic\" data-field-id=\"7\"><label class=\"wpforms-field-label\" for=\"wpforms-4064-field_7\">SELECIONE A CATEGORIA A QUAL A EXPERI\u00caNCIA SER\u00c1 REALIZADA <span class=\"wpforms-required-label\">*<\/span><\/label><select id=\"wpforms-4064-field_7\" class=\"wpforms-field-medium wpforms-field-required\" name=\"wpforms[fields][7]\" required=\"required\"><option value=\"CRECHE - EDUCA\u00c7\u00c3O INFANTIL\" >CRECHE - EDUCA\u00c7\u00c3O INFANTIL<\/option><option value=\"PR\u00c9-ESCOLA - EDUCA\u00c7\u00c3O INFANTIL\" >PR\u00c9-ESCOLA - EDUCA\u00c7\u00c3O INFANTIL<\/option><option value=\"CICLO DE ALFABETIZA\u00c7\u00c3O: 1\u00ba e 2\u00ba ANOS - EF\" >CICLO DE ALFABETIZA\u00c7\u00c3O: 1\u00ba e 2\u00ba ANOS - EF<\/option><option value=\"3\u00ba, 4\u00ba e 5\u00ba ANOS - EF\" >3\u00ba, 4\u00ba e 5\u00ba ANOS - EF<\/option><option value=\"6\u00ba AO 9\u00ba ANOS - EF\" >6\u00ba AO 9\u00ba ANOS - EF<\/option><option value=\"EDUCA\u00c7\u00c3O DE JOVENS E ADULTOS - EJA\" >EDUCA\u00c7\u00c3O DE JOVENS E ADULTOS - EJA<\/option><option value=\"EDUCA\u00c7\u00c3O ESPECIAL\" >EDUCA\u00c7\u00c3O ESPECIAL<\/option><\/select><div class=\"wpforms-field-description\">Dever\u00e1 ser selecionada apenas uma categoria.<\/div><\/div><div id=\"wpforms-4064-field_15-container\" class=\"wpforms-field wpforms-field-textarea\" data-field-id=\"15\"><label class=\"wpforms-field-label\" for=\"wpforms-4064-field_15\">REGISTRE ABAIXO O NOME DE OUTROS(AS) PROFESSORES(AS) QUE PARTICIPAR\u00c3O DA EXPERI\u00caNCIA.<\/label><textarea id=\"wpforms-4064-field_15\" class=\"wpforms-field-medium\" name=\"wpforms[fields][15]\" ><\/textarea><div class=\"wpforms-field-description\">Nome completo, sem abrevia\u00e7\u00e3o!<\/div><\/div><div id=\"wpforms-4064-field_8-container\" class=\"wpforms-field wpforms-field-pagebreak\" data-field-id=\"8\"><div class=\"wpforms-clear wpforms-pagebreak-left\"><button class=\"wpforms-page-button wpforms-page-next\" data-action=\"next\" data-page=\"1\" data-formid=\"4064\" disabled>Seguinte<\/button><\/div><\/div><\/div><div class=\"wpforms-page wpforms-page-2 last \" style=\"display:none;\"><div id=\"wpforms-4064-field_12-container\" class=\"wpforms-field wpforms-field-textarea\" data-field-id=\"12\"><label class=\"wpforms-field-label\" for=\"wpforms-4064-field_12\">JUSTIFICATIVA <span class=\"wpforms-required-label\">*<\/span><\/label><textarea id=\"wpforms-4064-field_12\" class=\"wpforms-field-medium wpforms-field-required\" name=\"wpforms[fields][12]\" required><\/textarea><div class=\"wpforms-field-description\">Exponha a import\u00e2ncia da realiza\u00e7\u00e3o da experi\u00eancia.<\/div><\/div><div id=\"wpforms-4064-field_13-container\" class=\"wpforms-field wpforms-field-textarea\" data-field-id=\"13\"><label class=\"wpforms-field-label\" for=\"wpforms-4064-field_13\">RELATO DA EXPERI\u00caNCIA <span class=\"wpforms-required-label\">*<\/span><\/label><textarea id=\"wpforms-4064-field_13\" class=\"wpforms-field-medium wpforms-field-required\" name=\"wpforms[fields][13]\" required><\/textarea><div class=\"wpforms-field-description\">Exponha o detalhamento da experi\u00eancia que ser\u00e1 realizada.<\/div><\/div><div id=\"wpforms-4064-field_14-container\" class=\"wpforms-field wpforms-field-textarea\" data-field-id=\"14\"><label class=\"wpforms-field-label\" for=\"wpforms-4064-field_14\">RESULTADO ESPERADO <span class=\"wpforms-required-label\">*<\/span><\/label><textarea id=\"wpforms-4064-field_14\" class=\"wpforms-field-medium wpforms-field-required\" name=\"wpforms[fields][14]\" required><\/textarea><div class=\"wpforms-field-description\">Exponha quais ser\u00e3o os resultados esperados.<\/div><\/div><div id=\"wpforms-4064-field_10-container\" class=\"wpforms-field wpforms-field-pagebreak\" data-field-id=\"10\"><div class=\"wpforms-clear wpforms-pagebreak-left\"><\/div><\/div><\/div><\/div><div class=\"wpforms-submit-container\" style=\"display:none;\"><input type=\"hidden\" name=\"wpforms[id]\" value=\"4064\"><input type=\"hidden\" name=\"wpforms[author]\" value=\"2\"><button type=\"submit\" name=\"wpforms[submit]\" class=\"wpforms-submit \" id=\"wpforms-submit-4064\" value=\"wpforms-submit\" aria-live=\"assertive\" data-alt-text=\"Enviando\u2026\" data-submit-text=\"Enviar\">Enviar<\/button><\/div><\/form><\/div>  <!-- .wpforms-container -->","protected":false},"excerpt":{"rendered":"","protected":false},"author":2,"featured_media":0,"parent":0,"menu_order":0,"comment_status":"closed","ping_status":"closed","template":"","meta":{"footnotes":""},"class_list":["post-4065","page","type-page","status-publish","hentry"],"_links":{"self":[{"href":"https:\/\/selecoes.epistemeonline.com\/index.php\/wp-json\/wp\/v2\/pages\/4065","targetHints":{"allow":["GET"]}}],"collection":[{"href":"https:\/\/selecoes.epistemeonline.com\/index.php\/wp-json\/wp\/v2\/pages"}],"about":[{"href":"https:\/\/selecoes.epistemeonline.com\/index.php\/wp-json\/wp\/v2\/types\/page"}],"author":[{"embeddable":true,"href":"https:\/\/selecoes.epistemeonline.com\/index.php\/wp-json\/wp\/v2\/users\/2"}],"replies":[{"embeddable":true,"href":"https:\/\/selecoes.epistemeonline.com\/index.php\/wp-json\/wp\/v2\/comments?post=4065"}],"version-history":[{"count":1,"href":"https:\/\/selecoes.epistemeonline.com\/index.php\/wp-json\/wp\/v2\/pages\/4065\/revisions"}],"predecessor-version":[{"id":4066,"href":"https:\/\/selecoes.epistemeonline.com\/index.php\/wp-json\/wp\/v2\/pages\/4065\/revisions\/4066"}],"wp:attachment":[{"href":"https:\/\/selecoes.epistemeonline.com\/index.php\/wp-json\/wp\/v2\/media?parent=4065"}],"curies":[{"name":"wp","href":"https:\/\/api.w.org\/{rel}","templated":true}]}}