{"id":4067,"date":"2023-04-02T23:15:35","date_gmt":"2023-04-03T02:15:35","guid":{"rendered":"https:\/\/selecoes.epistemeonline.com\/?page_id=4067"},"modified":"2024-01-08T11:28:40","modified_gmt":"2024-01-08T14:28:40","slug":"premioprofessorsrp-2","status":"publish","type":"page","link":"https:\/\/selecoes.epistemeonline.com\/index.php\/premioprofessorsrp-2\/","title":{"rendered":"PR\u00caMIO PROFESSOR DESTAQUE &#8211; SENADOR RUI PALMEIRA \/ AL &#8211; 1\u00aa EDI\u00c7\u00c3O"},"content":{"rendered":"\t\t<div data-elementor-type=\"wp-page\" data-elementor-id=\"4067\" class=\"elementor elementor-4067\">\n\t\t\t\t\t\t<section class=\"elementor-section elementor-top-section elementor-element elementor-element-9d3278b elementor-section-boxed elementor-section-height-default elementor-section-height-default\" data-id=\"9d3278b\" data-element_type=\"section\" data-e-type=\"section\">\n\t\t\t\t\t\t<div class=\"elementor-container elementor-column-gap-default\">\n\t\t\t\t\t<div class=\"elementor-column elementor-col-100 elementor-top-column elementor-element elementor-element-a5d7507\" data-id=\"a5d7507\" data-element_type=\"column\" data-e-type=\"column\">\n\t\t\t<div class=\"elementor-widget-wrap elementor-element-populated\">\n\t\t\t\t\t\t<div class=\"elementor-element elementor-element-8570af2 elementor-widget elementor-widget-heading\" data-id=\"8570af2\" data-element_type=\"widget\" data-e-type=\"widget\" data-widget_type=\"heading.default\">\n\t\t\t\t<div class=\"elementor-widget-container\">\n\t\t\t\t\t<h2 class=\"elementor-heading-title elementor-size-default\">PR\u00caMIO PROFESSOR DESTAQUE 2023 - SENADOR RUI PALMEIRA \/ AL<br>1\u00ba EDI\u00c7\u00c3O<\/h2>\t\t\t\t<\/div>\n\t\t\t\t<\/div>\n\t\t\t\t\t<\/div>\n\t\t<\/div>\n\t\t\t\t\t<\/div>\n\t\t<\/section>\n\t\t\t\t<section class=\"elementor-section elementor-top-section elementor-element elementor-element-50a7fba elementor-section-boxed elementor-section-height-default elementor-section-height-default\" data-id=\"50a7fba\" data-element_type=\"section\" data-e-type=\"section\">\n\t\t\t\t\t\t<div class=\"elementor-container elementor-column-gap-default\">\n\t\t\t\t\t<div class=\"elementor-column elementor-col-100 elementor-top-column elementor-element elementor-element-1ee08a9\" data-id=\"1ee08a9\" data-element_type=\"column\" data-e-type=\"column\">\n\t\t\t<div class=\"elementor-widget-wrap elementor-element-populated\">\n\t\t\t\t\t\t<div class=\"elementor-element elementor-element-fbaf1f9 elementor-widget elementor-widget-image\" data-id=\"fbaf1f9\" data-element_type=\"widget\" data-e-type=\"widget\" data-widget_type=\"image.default\">\n\t\t\t\t<div class=\"elementor-widget-container\">\n\t\t\t\t\t\t\t\t\t\t\t\t\t\t\t<img fetchpriority=\"high\" decoding=\"async\" width=\"525\" height=\"164\" src=\"https:\/\/selecoes.epistemeonline.com\/wp-content\/uploads\/2023\/04\/logo.jpg\" class=\"attachment-large size-large wp-image-4069\" alt=\"\" srcset=\"https:\/\/selecoes.epistemeonline.com\/wp-content\/uploads\/2023\/04\/logo.jpg 625w, https:\/\/selecoes.epistemeonline.com\/wp-content\/uploads\/2023\/04\/logo-300x94.jpg 300w\" sizes=\"100vw\" \/>\t\t\t\t\t\t\t\t\t\t\t\t\t\t\t<\/div>\n\t\t\t\t<\/div>\n\t\t\t\t\t<\/div>\n\t\t<\/div>\n\t\t\t\t\t<\/div>\n\t\t<\/section>\n\t\t\t\t<section class=\"elementor-section elementor-top-section elementor-element elementor-element-c1ce9a9 elementor-section-boxed elementor-section-height-default elementor-section-height-default\" data-id=\"c1ce9a9\" data-element_type=\"section\" data-e-type=\"section\">\n\t\t\t\t\t\t<div class=\"elementor-container elementor-column-gap-default\">\n\t\t\t\t\t<div class=\"elementor-column elementor-col-100 elementor-top-column elementor-element elementor-element-5f0de62\" data-id=\"5f0de62\" data-element_type=\"column\" data-e-type=\"column\">\n\t\t\t<div class=\"elementor-widget-wrap elementor-element-populated\">\n\t\t\t\t\t\t<div class=\"elementor-element elementor-element-c9d4da5 elementor-widget elementor-widget-text-editor\" data-id=\"c9d4da5\" data-element_type=\"widget\" data-e-type=\"widget\" data-widget_type=\"text-editor.default\">\n\t\t\t\t<div class=\"elementor-widget-container\">\n\t\t\t\t\t\t\t\t\t<p style=\"text-align: center;\"><b>EDITAL N\u00ba 01\/2023<\/b><\/p><p style=\"text-align: center;\">O Pr\u00eamio Professor Destaque 2023 \u2013 1\u00aa Edi\u00e7\u00e3o objetiva reconhecer o m\u00e9rito de professores pela contribui\u00e7\u00e3o dada \u00e0 melhoria da qualidade da Educa\u00e7\u00e3o B\u00e1sica do Munic\u00edpio de Senador Rui Palmeira\/AL por meio do desenvolvimento de experi\u00eancias pedag\u00f3gicas bem-sucedidas.<\/p>\t\t\t\t\t\t\t\t<\/div>\n\t\t\t\t<\/div>\n\t\t\t\t\t<\/div>\n\t\t<\/div>\n\t\t\t\t\t<\/div>\n\t\t<\/section>\n\t\t\t\t<section class=\"elementor-section elementor-top-section elementor-element elementor-element-81ab1f9 elementor-section-boxed elementor-section-height-default elementor-section-height-default\" data-id=\"81ab1f9\" data-element_type=\"section\" data-e-type=\"section\">\n\t\t\t\t\t\t<div class=\"elementor-container elementor-column-gap-default\">\n\t\t\t\t\t<div class=\"elementor-column elementor-col-100 elementor-top-column elementor-element elementor-element-a29c5f4\" data-id=\"a29c5f4\" data-element_type=\"column\" data-e-type=\"column\">\n\t\t\t<div class=\"elementor-widget-wrap elementor-element-populated\">\n\t\t\t\t\t\t<div class=\"elementor-element elementor-element-7860f53 elementor-align-center elementor-widget elementor-widget-button\" data-id=\"7860f53\" data-element_type=\"widget\" data-e-type=\"widget\" data-widget_type=\"button.default\">\n\t\t\t\t<div class=\"elementor-widget-container\">\n\t\t\t\t\t\t\t\t\t<div class=\"elementor-button-wrapper\">\n\t\t\t\t\t<a class=\"elementor-button elementor-button-link elementor-size-md\" href=\"https:\/\/1drv.ms\/b\/s!AiaCaZulNUNMhJMSlfxTmw8G6TcHaQ?e=U2I66P\">\n\t\t\t\t\t\t<span class=\"elementor-button-content-wrapper\">\n\t\t\t\t\t\t\t\t\t<span class=\"elementor-button-text\">EDITAL n\u00ba 01\/2023 [clique aqui]<\/span>\n\t\t\t\t\t<\/span>\n\t\t\t\t\t<\/a>\n\t\t\t\t<\/div>\n\t\t\t\t\t\t\t\t<\/div>\n\t\t\t\t<\/div>\n\t\t\t\t\t<\/div>\n\t\t<\/div>\n\t\t\t\t\t<\/div>\n\t\t<\/section>\n\t\t\t\t<section class=\"elementor-section elementor-top-section elementor-element elementor-element-6fb84d3 elementor-section-boxed elementor-section-height-default elementor-section-height-default\" data-id=\"6fb84d3\" data-element_type=\"section\" data-e-type=\"section\">\n\t\t\t\t\t\t<div class=\"elementor-container elementor-column-gap-default\">\n\t\t\t\t\t<div class=\"elementor-column elementor-col-100 elementor-top-column elementor-element elementor-element-35e75e6\" data-id=\"35e75e6\" data-element_type=\"column\" data-e-type=\"column\">\n\t\t\t<div class=\"elementor-widget-wrap elementor-element-populated\">\n\t\t\t\t\t\t<div class=\"elementor-element elementor-element-339f940 elementor-widget elementor-widget-heading\" data-id=\"339f940\" data-element_type=\"widget\" data-e-type=\"widget\" data-widget_type=\"heading.default\">\n\t\t\t\t<div class=\"elementor-widget-container\">\n\t\t\t\t\t<h2 class=\"elementor-heading-title elementor-size-default\">CRONOGRAMA<\/h2>\t\t\t\t<\/div>\n\t\t\t\t<\/div>\n\t\t\t\t<div class=\"elementor-element elementor-element-e0c67bf elementor-widget elementor-widget-image\" data-id=\"e0c67bf\" data-element_type=\"widget\" data-e-type=\"widget\" data-widget_type=\"image.default\">\n\t\t\t\t<div class=\"elementor-widget-container\">\n\t\t\t\t\t\t\t\t\t\t\t\t\t\t\t<img decoding=\"async\" width=\"525\" height=\"226\" src=\"https:\/\/selecoes.epistemeonline.com\/wp-content\/uploads\/2023\/04\/CRONOGRAMA.jpg\" class=\"attachment-large size-large wp-image-4070\" alt=\"\" srcset=\"https:\/\/selecoes.epistemeonline.com\/wp-content\/uploads\/2023\/04\/CRONOGRAMA.jpg 680w, https:\/\/selecoes.epistemeonline.com\/wp-content\/uploads\/2023\/04\/CRONOGRAMA-300x129.jpg 300w\" sizes=\"100vw\" \/>\t\t\t\t\t\t\t\t\t\t\t\t\t\t\t<\/div>\n\t\t\t\t<\/div>\n\t\t\t\t\t<\/div>\n\t\t<\/div>\n\t\t\t\t\t<\/div>\n\t\t<\/section>\n\t\t\t\t<section class=\"elementor-section elementor-top-section elementor-element elementor-element-7fef922 elementor-section-boxed elementor-section-height-default elementor-section-height-default\" data-id=\"7fef922\" data-element_type=\"section\" data-e-type=\"section\">\n\t\t\t\t\t\t<div class=\"elementor-container elementor-column-gap-default\">\n\t\t\t\t\t<div class=\"elementor-column elementor-col-100 elementor-top-column elementor-element elementor-element-76756ea\" data-id=\"76756ea\" data-element_type=\"column\" data-e-type=\"column\">\n\t\t\t<div class=\"elementor-widget-wrap elementor-element-populated\">\n\t\t\t\t\t\t<div class=\"elementor-element elementor-element-80c66e2 elementor-align-center elementor-widget elementor-widget-button\" data-id=\"80c66e2\" data-element_type=\"widget\" data-e-type=\"widget\" data-widget_type=\"button.default\">\n\t\t\t\t<div class=\"elementor-widget-container\">\n\t\t\t\t\t\t\t\t\t<div class=\"elementor-button-wrapper\">\n\t\t\t\t\t<a class=\"elementor-button elementor-button-link elementor-size-lg\" href=\"https:\/\/selecoes.epistemeonline.com\/index.php\/premioprofessorsrp\/\">\n\t\t\t\t\t\t<span class=\"elementor-button-content-wrapper\">\n\t\t\t\t\t\t\t\t\t<span class=\"elementor-button-text\">INSCRI\u00c7\u00c3O E CADASTRO DE EXPERI\u00caNCIA [clique aqui]<\/span>\n\t\t\t\t\t<\/span>\n\t\t\t\t\t<\/a>\n\t\t\t\t<\/div>\n\t\t\t\t\t\t\t\t<\/div>\n\t\t\t\t<\/div>\n\t\t\t\t\t<\/div>\n\t\t<\/div>\n\t\t\t\t\t<\/div>\n\t\t<\/section>\n\t\t\t\t<section class=\"elementor-section elementor-top-section elementor-element elementor-element-f28813a elementor-section-boxed elementor-section-height-default elementor-section-height-default\" data-id=\"f28813a\" data-element_type=\"section\" data-e-type=\"section\">\n\t\t\t\t\t\t<div class=\"elementor-container elementor-column-gap-default\">\n\t\t\t\t\t<div class=\"elementor-column elementor-col-100 elementor-top-column elementor-element elementor-element-83293a8\" data-id=\"83293a8\" data-element_type=\"column\" data-e-type=\"column\">\n\t\t\t<div class=\"elementor-widget-wrap elementor-element-populated\">\n\t\t\t\t\t\t<div class=\"elementor-element elementor-element-01da009 elementor-align-center elementor-widget elementor-widget-button\" data-id=\"01da009\" data-element_type=\"widget\" data-e-type=\"widget\" data-widget_type=\"button.default\">\n\t\t\t\t<div class=\"elementor-widget-container\">\n\t\t\t\t\t\t\t\t\t<div class=\"elementor-button-wrapper\">\n\t\t\t\t\t<a class=\"elementor-button elementor-button-link elementor-size-lg\" href=\"https:\/\/1drv.ms\/b\/s!AiaCaZulNUNMhM0ro9jRR133nQb1nA?e=Unay37\">\n\t\t\t\t\t\t<span class=\"elementor-button-content-wrapper\">\n\t\t\t\t\t\t\t\t\t<span class=\"elementor-button-text\">LISTA DE PROFESSORES SELECIONADOS [Clique aqui]<\/span>\n\t\t\t\t\t<\/span>\n\t\t\t\t\t<\/a>\n\t\t\t\t<\/div>\n\t\t\t\t\t\t\t\t<\/div>\n\t\t\t\t<\/div>\n\t\t\t\t\t<\/div>\n\t\t<\/div>\n\t\t\t\t\t<\/div>\n\t\t<\/section>\n\t\t\t\t<section class=\"elementor-section elementor-top-section elementor-element elementor-element-ee16a19 elementor-section-boxed elementor-section-height-default elementor-section-height-default\" data-id=\"ee16a19\" data-element_type=\"section\" data-e-type=\"section\">\n\t\t\t\t\t\t<div class=\"elementor-container elementor-column-gap-default\">\n\t\t\t\t\t<div class=\"elementor-column elementor-col-100 elementor-top-column elementor-element elementor-element-44db329\" data-id=\"44db329\" data-element_type=\"column\" data-e-type=\"column\">\n\t\t\t<div class=\"elementor-widget-wrap elementor-element-populated\">\n\t\t\t\t\t\t<div class=\"elementor-element elementor-element-6388286 elementor-widget elementor-widget-button\" data-id=\"6388286\" data-element_type=\"widget\" data-e-type=\"widget\" data-widget_type=\"button.default\">\n\t\t\t\t<div class=\"elementor-widget-container\">\n\t\t\t\t\t\t\t\t\t<div class=\"elementor-button-wrapper\">\n\t\t\t\t\t<a class=\"elementor-button elementor-button-link elementor-size-lg\" href=\"https:\/\/1drv.ms\/b\/s!AiaCaZulNUNMhNAaHSSqmxLUdhGiHg?e=05GxYU\">\n\t\t\t\t\t\t<span class=\"elementor-button-content-wrapper\">\n\t\t\t\t\t\t\t\t\t<span class=\"elementor-button-text\">RETIFICA\u00c7\u00c3O DA LISTA DE PROFESSORES SELECIONADOS [Clique aqui]<\/span>\n\t\t\t\t\t<\/span>\n\t\t\t\t\t<\/a>\n\t\t\t\t<\/div>\n\t\t\t\t\t\t\t\t<\/div>\n\t\t\t\t<\/div>\n\t\t\t\t\t<\/div>\n\t\t<\/div>\n\t\t\t\t\t<\/div>\n\t\t<\/section>\n\t\t\t\t<\/div>\n\t\t","protected":false},"excerpt":{"rendered":"<p>PR\u00caMIO PROFESSOR DESTAQUE 2023 &#8211; SENADOR RUI PALMEIRA \/ AL1\u00ba EDI\u00c7\u00c3O EDITAL N\u00ba 01\/2023 O Pr\u00eamio Professor Destaque 2023 \u2013 1\u00aa Edi\u00e7\u00e3o objetiva reconhecer o m\u00e9rito de professores pela contribui\u00e7\u00e3o dada \u00e0 melhoria da qualidade da Educa\u00e7\u00e3o B\u00e1sica do Munic\u00edpio de Senador Rui Palmeira\/AL por meio do desenvolvimento de experi\u00eancias pedag\u00f3gicas bem-sucedidas. EDITAL n\u00ba 01\/2023 &hellip; <\/p>\n<p class=\"link-more\"><a href=\"https:\/\/selecoes.epistemeonline.com\/index.php\/premioprofessorsrp-2\/\" class=\"more-link\">Continue lendo<span class=\"screen-reader-text\"> &#8220;PR\u00caMIO PROFESSOR DESTAQUE &#8211; SENADOR RUI PALMEIRA \/ AL &#8211; 1\u00aa EDI\u00c7\u00c3O&#8221;<\/span><\/a><\/p>\n","protected":false},"author":2,"featured_media":0,"parent":0,"menu_order":0,"comment_status":"closed","ping_status":"closed","template":"","meta":{"footnotes":""},"class_list":["post-4067","page","type-page","status-publish","hentry"],"_links":{"self":[{"href":"https:\/\/selecoes.epistemeonline.com\/index.php\/wp-json\/wp\/v2\/pages\/4067","targetHints":{"allow":["GET"]}}],"collection":[{"href":"https:\/\/selecoes.epistemeonline.com\/index.php\/wp-json\/wp\/v2\/pages"}],"about":[{"href":"https:\/\/selecoes.epistemeonline.com\/index.php\/wp-json\/wp\/v2\/types\/page"}],"author":[{"embeddable":true,"href":"https:\/\/selecoes.epistemeonline.com\/index.php\/wp-json\/wp\/v2\/users\/2"}],"replies":[{"embeddable":true,"href":"https:\/\/selecoes.epistemeonline.com\/index.php\/wp-json\/wp\/v2\/comments?post=4067"}],"version-history":[{"count":14,"href":"https:\/\/selecoes.epistemeonline.com\/index.php\/wp-json\/wp\/v2\/pages\/4067\/revisions"}],"predecessor-version":[{"id":4902,"href":"https:\/\/selecoes.epistemeonline.com\/index.php\/wp-json\/wp\/v2\/pages\/4067\/revisions\/4902"}],"wp:attachment":[{"href":"https:\/\/selecoes.epistemeonline.com\/index.php\/wp-json\/wp\/v2\/media?parent=4067"}],"curies":[{"name":"wp","href":"https:\/\/api.w.org\/{rel}","templated":true}]}}