{"id":4578,"date":"2023-08-28T17:42:18","date_gmt":"2023-08-28T20:42:18","guid":{"rendered":"https:\/\/selecoes.epistemeonline.com\/?page_id=4578"},"modified":"2023-08-28T17:42:18","modified_gmt":"2023-08-28T20:42:18","slug":"inscricao-gestor-piacabucu","status":"publish","type":"page","link":"https:\/\/selecoes.epistemeonline.com\/index.php\/inscricao-gestor-piacabucu\/","title":{"rendered":"Inscri\u00e7\u00e3o Gestor Pia\u00e7abu\u00e7u"},"content":{"rendered":"<div class=\"wpforms-container wpforms-container-full\" id=\"wpforms-4577\"><form id=\"wpforms-form-4577\" class=\"wpforms-validate wpforms-form\" data-formid=\"4577\" method=\"post\" enctype=\"multipart\/form-data\" action=\"\/index.php\/wp-json\/wp\/v2\/pages\/4578?wpforms_form_id=4577\" data-token=\"134e47b597bb77e4ac8cece9f24b7750\"><noscript class=\"wpforms-error-noscript\">Ative o JavaScript no seu navegador para preencher este formul\u00e1rio.<\/noscript><div class=\"wpforms-page-indicator progress\" data-indicator=\"progress\" data-indicator-color=\"#72b239\" data-scroll=\"1\"><span class=\"wpforms-page-indicator-page-title\" ><\/span><span class=\"wpforms-page-indicator-page-title-sep\" style=\"display:none;\"> - <\/span><span class=\"wpforms-page-indicator-steps\">Passo <span class=\"wpforms-page-indicator-steps-current\">1<\/span> de 2<\/span><div class=\"wpforms-page-indicator-page-progress-wrap\"><div class=\"wpforms-page-indicator-page-progress\" style=\"width:50%;background-color:#72b239;\"><\/div><\/div><\/div><div class=\"wpforms-field-container\"><div class=\"wpforms-page wpforms-page-1 \"><div id=\"wpforms-4577-field_10-container\" class=\"wpforms-field wpforms-field-pagebreak\" data-field-id=\"10\"><\/div><div id=\"wpforms-4577-field_1-container\" class=\"wpforms-field wpforms-field-text\" data-field-id=\"1\"><label class=\"wpforms-field-label\" for=\"wpforms-4577-field_1\">NOME COMPLETO DO CANDIDATO <span class=\"wpforms-required-label\">*<\/span><\/label><input type=\"text\" id=\"wpforms-4577-field_1\" class=\"wpforms-field-medium wpforms-field-required\" name=\"wpforms[fields][1]\" required><div class=\"wpforms-field-description\">SEM ABREVIA\u00c7\u00d5ES<\/div><\/div><div id=\"wpforms-4577-field_2-container\" class=\"wpforms-field wpforms-field-text\" data-field-id=\"2\"><label class=\"wpforms-field-label\" for=\"wpforms-4577-field_2\">N\u00daMERO DO CPF DO CANDIDATO <span class=\"wpforms-required-label\">*<\/span><\/label><input type=\"text\" id=\"wpforms-4577-field_2\" class=\"wpforms-field-medium wpforms-field-required\" name=\"wpforms[fields][2]\" required><div class=\"wpforms-field-description\">APENAS N\u00daMEROS: EX: 00000000000<\/div><\/div><div id=\"wpforms-4577-field_3-container\" class=\"wpforms-field wpforms-field-phone\" data-field-id=\"3\"><label class=\"wpforms-field-label\" for=\"wpforms-4577-field_3\">N\u00daMERO DO TELEFONE DO CANDIDATO <span class=\"wpforms-required-label\">*<\/span><\/label><input type=\"tel\" id=\"wpforms-4577-field_3\" class=\"wpforms-field-medium wpforms-field-required wpforms-smart-phone-field\" data-rule-smart-phone-field=\"true\" name=\"wpforms[fields][3]\" required><div class=\"wpforms-field-description\">APENAS N\u00daMEROS. EX: 82900000000<\/div><\/div><div id=\"wpforms-4577-field_4-container\" class=\"wpforms-field wpforms-field-email\" data-field-id=\"4\"><label class=\"wpforms-field-label\" for=\"wpforms-4577-field_4\">E-MAIL PESSOAL DO CANDIDATO <span class=\"wpforms-required-label\">*<\/span><\/label><div class=\"wpforms-field-row wpforms-field-medium\"><div class=\"wpforms-field-row-block wpforms-one-half wpforms-first\"><input type=\"email\" id=\"wpforms-4577-field_4\" class=\"wpforms-field-required wpforms-field-email-primary\" name=\"wpforms[fields][4][primary]\" required><label for=\"wpforms-4577-field_4\" class=\"wpforms-field-sublabel after \">E-mail<\/label><\/div><div class=\"wpforms-field-row-block wpforms-one-half\"><input type=\"email\" id=\"wpforms-4577-field_4-secondary\" class=\"wpforms-field-email-secondary wpforms-field-required\" data-rule-confirm=\"#wpforms-4577-field_4\" name=\"wpforms[fields][4][secondary]\" required><label for=\"wpforms-4577-field_4-secondary\" class=\"wpforms-field-sublabel after \">Confirmar e-mail<\/label><\/div><\/div><\/div><div id=\"wpforms-4577-field_5-container\" class=\"wpforms-field wpforms-field-radio\" data-field-id=\"5\"><label class=\"wpforms-field-label\" for=\"wpforms-4577-field_5\">POSSUI ALGUMA DEFICI\u00caNCIA? <span class=\"wpforms-required-label\">*<\/span><\/label><ul id=\"wpforms-4577-field_5\" class=\"wpforms-field-required\"><li class=\"choice-1 depth-1\"><input type=\"radio\" id=\"wpforms-4577-field_5_1\" name=\"wpforms[fields][5]\" value=\"SIM\" required ><label class=\"wpforms-field-label-inline\" for=\"wpforms-4577-field_5_1\">SIM<\/label><\/li><li class=\"choice-2 depth-1\"><input type=\"radio\" id=\"wpforms-4577-field_5_2\" name=\"wpforms[fields][5]\" value=\"N\u00c3O\" required ><label class=\"wpforms-field-label-inline\" for=\"wpforms-4577-field_5_2\">N\u00c3O<\/label><\/li><\/ul><\/div><div id=\"wpforms-4577-field_6-container\" class=\"wpforms-field wpforms-field-text\" data-field-id=\"6\"><label class=\"wpforms-field-label\" for=\"wpforms-4577-field_6\">SE A RESPOSTA ANTERIOR FOR SIM, INFORME ABAIXO A DEFICI\u00caNCIA<\/label><input type=\"text\" id=\"wpforms-4577-field_6\" class=\"wpforms-field-medium\" name=\"wpforms[fields][6]\" ><\/div><div id=\"wpforms-4577-field_8-container\" class=\"wpforms-field wpforms-field-textarea\" data-field-id=\"8\"><label class=\"wpforms-field-label\" for=\"wpforms-4577-field_8\">PRECISA DE ALGUMA ATEN\u00c7\u00c3O ESPECIAL PARA PARTICIPA\u00c7\u00c3O NA PROVA OBJETIVA E TESTE SITUACIONAL? SE SIM, INFORME QUAL.<\/label><textarea id=\"wpforms-4577-field_8\" class=\"wpforms-field-medium\" name=\"wpforms[fields][8]\" ><\/textarea><\/div><div id=\"wpforms-4577-field_9-container\" class=\"wpforms-field wpforms-field-pagebreak\" data-field-id=\"9\"><div class=\"wpforms-clear wpforms-pagebreak-left\"><button class=\"wpforms-page-button wpforms-page-next\" data-action=\"next\" data-page=\"1\" data-formid=\"4577\" disabled>Seguinte<\/button><\/div><\/div><\/div><div class=\"wpforms-page wpforms-page-2 last \" style=\"display:none;\"><div id=\"wpforms-4577-field_12-container\" class=\"wpforms-field wpforms-field-file-upload\" data-field-id=\"12\"><label class=\"wpforms-field-label\" for=\"wpforms-4577-field_12\">Envio do RG e CPF <span class=\"wpforms-required-label\">*<\/span><\/label><div class=\"wpforms-uploader\"\n\tdata-field-id=\"12\"\n\tdata-form-id=\"4577\"\n\tdata-input-name=\"wpforms_4577_12\"\n\tdata-extensions=\"pdf\"\n\tdata-max-size=\"5242880\"\n\tdata-max-file-number=\"2\"\n\tdata-post-max-size=\"3221225472\"\n    data-max-parallel-uploads=\"4\"\n    data-parallel-uploads=\"true\"\n\tdata-file-chunk-size=\"2097152\">\n\t<div class=\"dz-message\">\n\t\t<svg viewBox=\"0 0 1024 1024\" focusable=\"false\" class=\"\" data-icon=\"inbox\" width=\"50px\" height=\"50px\" fill=\"#B1B1B1\" aria-hidden=\"true\"><path d=\"M885.2 446.3l-.2-.8-112.2-285.1c-5-16.1-19.9-27.2-36.8-27.2H281.2c-17 0-32.1 11.3-36.9 27.6L139.4 443l-.3.7-.2.8c-1.3 4.9-1.7 9.9-1 14.8-.1 1.6-.2 3.2-.2 4.8V830a60.9 60.9 0 0 0 60.8 60.8h627.2c33.5 0 60.8-27.3 60.9-60.8V464.1c0-1.3 0-2.6-.1-3.7.4-4.9 0-9.6-1.3-14.1zm-295.8-43l-.3 15.7c-.8 44.9-31.8 75.1-77.1 75.1-22.1 0-41.1-7.1-54.8-20.6S436 441.2 435.6 419l-.3-15.7H229.5L309 210h399.2l81.7 193.3H589.4zm-375 76.8h157.3c24.3 57.1 76 90.8 140.4 90.8 33.7 0 65-9.4 90.3-27.2 22.2-15.6 39.5-37.4 50.7-63.6h156.5V814H214.4V480.1z\"><\/path><\/svg>\n\t\t<span class=\"modern-title\">\n\t\t\tClique ou arraste os arquivos para esta \u00e1rea para fazer upload.\t\t<\/span>\n\n\t\t\t\t\t<span class=\"modern-hint\">\n\t\t\t\tVoc\u00ea pode enviar at\u00e9 2 arquivos.\t\t\t<\/span>\n\t\t\t<\/div>\n<\/div>\n<input type=\"text\" class=\"dropzone-input\"\n\tstyle=\"position:absolute!important;clip:rect(0,0,0,0)!important;height:1px!important;width:1px!important;border:0!important;overflow:hidden!important;padding:0!important;margin:0!important;\"\n\tid=\"wpforms-4577-field_12\"\n\tname=\"wpforms_4577_12\" required>\n<div class=\"wpforms-field-description\">M\u00e1ximo 2 arquivos \/ Formato .pdf \/ Tamanho m\u00e1ximo 5 MB<\/div><\/div><div id=\"wpforms-4577-field_13-container\" class=\"wpforms-field wpforms-field-file-upload\" data-field-id=\"13\"><label class=\"wpforms-field-label\" for=\"wpforms-4577-field_13\">Envio do Curr\u00edculo com a devidas comprova\u00e7\u00f5es <span class=\"wpforms-required-label\">*<\/span><\/label><div class=\"wpforms-uploader\"\n\tdata-field-id=\"13\"\n\tdata-form-id=\"4577\"\n\tdata-input-name=\"wpforms_4577_13\"\n\tdata-extensions=\"pdf\"\n\tdata-max-size=\"10485760\"\n\tdata-max-file-number=\"1\"\n\tdata-post-max-size=\"3221225472\"\n    data-max-parallel-uploads=\"4\"\n    data-parallel-uploads=\"true\"\n\tdata-file-chunk-size=\"2097152\">\n\t<div class=\"dz-message\">\n\t\t<svg viewBox=\"0 0 1024 1024\" focusable=\"false\" class=\"\" data-icon=\"inbox\" width=\"50px\" height=\"50px\" fill=\"#B1B1B1\" aria-hidden=\"true\"><path d=\"M885.2 446.3l-.2-.8-112.2-285.1c-5-16.1-19.9-27.2-36.8-27.2H281.2c-17 0-32.1 11.3-36.9 27.6L139.4 443l-.3.7-.2.8c-1.3 4.9-1.7 9.9-1 14.8-.1 1.6-.2 3.2-.2 4.8V830a60.9 60.9 0 0 0 60.8 60.8h627.2c33.5 0 60.8-27.3 60.9-60.8V464.1c0-1.3 0-2.6-.1-3.7.4-4.9 0-9.6-1.3-14.1zm-295.8-43l-.3 15.7c-.8 44.9-31.8 75.1-77.1 75.1-22.1 0-41.1-7.1-54.8-20.6S436 441.2 435.6 419l-.3-15.7H229.5L309 210h399.2l81.7 193.3H589.4zm-375 76.8h157.3c24.3 57.1 76 90.8 140.4 90.8 33.7 0 65-9.4 90.3-27.2 22.2-15.6 39.5-37.4 50.7-63.6h156.5V814H214.4V480.1z\"><\/path><\/svg>\n\t\t<span class=\"modern-title\">\n\t\t\tClique ou arraste um arquivo para esta \u00e1rea para fazer upload.\t\t<\/span>\n\n\t\t\t<\/div>\n<\/div>\n<input type=\"text\" class=\"dropzone-input\"\n\tstyle=\"position:absolute!important;clip:rect(0,0,0,0)!important;height:1px!important;width:1px!important;border:0!important;overflow:hidden!important;padding:0!important;margin:0!important;\"\n\tid=\"wpforms-4577-field_13\"\n\tname=\"wpforms_4577_13\" required>\n<div class=\"wpforms-field-description\">M\u00e1ximo 1 arquivo \/ Formato .pdf \/ Tamanho m\u00e1ximo: 10 mb<\/div><\/div><div id=\"wpforms-4577-field_14-container\" class=\"wpforms-field wpforms-field-file-upload\" data-field-id=\"14\"><label class=\"wpforms-field-label\" for=\"wpforms-4577-field_14\">Envio da Comprova\u00e7\u00e3o das Titula\u00e7\u00f5es Acad\u00eamicas   <span class=\"wpforms-required-label\">*<\/span><\/label><div class=\"wpforms-uploader\"\n\tdata-field-id=\"14\"\n\tdata-form-id=\"4577\"\n\tdata-input-name=\"wpforms_4577_14\"\n\tdata-extensions=\"jpg,jpeg,jpe,gif,png,bmp,tiff,tif,webp,avif,ico,heic,heif,heics,heifs,asf,asx,wmv,wmx,wm,avi,divx,mov,qt,mpeg,mpg,mpe,mp4,m4v,ogv,webm,mkv,3gp,3gpp,3g2,3gp2,txt,asc,c,cc,h,srt,csv,tsv,ics,rtx,css,vtt,mp3,m4a,m4b,aac,ra,ram,wav,ogg,oga,flac,mid,midi,wma,wax,mka,rtf,pdf,class,tar,zip,gz,gzip,rar,7z,psd,xcf,doc,pot,pps,ppt,wri,xla,xls,xlt,xlw,mpp,docx,docm,dotx,dotm,xlsx,xlsm,xlsb,xltx,xltm,xlam,pptx,pptm,ppsx,ppsm,potx,potm,ppam,sldx,sldm,onetoc,onetoc2,onepkg,oxps,xps,odt,odp,ods,odg,odc,odb,odf,wp,wpd,key,numbers,pages\"\n\tdata-max-size=\"5242880\"\n\tdata-max-file-number=\"5\"\n\tdata-post-max-size=\"3221225472\"\n    data-max-parallel-uploads=\"4\"\n    data-parallel-uploads=\"true\"\n\tdata-file-chunk-size=\"2097152\">\n\t<div class=\"dz-message\">\n\t\t<svg viewBox=\"0 0 1024 1024\" focusable=\"false\" class=\"\" data-icon=\"inbox\" width=\"50px\" height=\"50px\" fill=\"#B1B1B1\" aria-hidden=\"true\"><path d=\"M885.2 446.3l-.2-.8-112.2-285.1c-5-16.1-19.9-27.2-36.8-27.2H281.2c-17 0-32.1 11.3-36.9 27.6L139.4 443l-.3.7-.2.8c-1.3 4.9-1.7 9.9-1 14.8-.1 1.6-.2 3.2-.2 4.8V830a60.9 60.9 0 0 0 60.8 60.8h627.2c33.5 0 60.8-27.3 60.9-60.8V464.1c0-1.3 0-2.6-.1-3.7.4-4.9 0-9.6-1.3-14.1zm-295.8-43l-.3 15.7c-.8 44.9-31.8 75.1-77.1 75.1-22.1 0-41.1-7.1-54.8-20.6S436 441.2 435.6 419l-.3-15.7H229.5L309 210h399.2l81.7 193.3H589.4zm-375 76.8h157.3c24.3 57.1 76 90.8 140.4 90.8 33.7 0 65-9.4 90.3-27.2 22.2-15.6 39.5-37.4 50.7-63.6h156.5V814H214.4V480.1z\"><\/path><\/svg>\n\t\t<span class=\"modern-title\">\n\t\t\tClique ou arraste os arquivos para esta \u00e1rea para fazer upload.\t\t<\/span>\n\n\t\t\t\t\t<span class=\"modern-hint\">\n\t\t\t\tVoc\u00ea pode enviar at\u00e9 5 arquivos.\t\t\t<\/span>\n\t\t\t<\/div>\n<\/div>\n<input type=\"text\" class=\"dropzone-input\"\n\tstyle=\"position:absolute!important;clip:rect(0,0,0,0)!important;height:1px!important;width:1px!important;border:0!important;overflow:hidden!important;padding:0!important;margin:0!important;\"\n\tid=\"wpforms-4577-field_14\"\n\tname=\"wpforms_4577_14\" required>\n<div class=\"wpforms-field-description\">Gradua\u00e7\u00e3o \/ Especializa\u00e7\u00e3o \/ Mestrado \/ Doutorado \/ M\u00e1ximo de 5 arquivos \/ Formato: .pdf \/ Tamanho M\u00e1ximo por arquivo: 5MB<\/div><\/div><div id=\"wpforms-4577-field_15-container\" class=\"wpforms-field wpforms-field-file-upload\" data-field-id=\"15\"><label class=\"wpforms-field-label\" for=\"wpforms-4577-field_15\">Envio de Portaria de Nomea\u00e7\u00e3o ou Declara\u00e7\u00e3o para comprova\u00e7\u00e3o de vinculo <span class=\"wpforms-required-label\">*<\/span><\/label><div class=\"wpforms-uploader\"\n\tdata-field-id=\"15\"\n\tdata-form-id=\"4577\"\n\tdata-input-name=\"wpforms_4577_15\"\n\tdata-extensions=\"pdf\"\n\tdata-max-size=\"5242880\"\n\tdata-max-file-number=\"1\"\n\tdata-post-max-size=\"3221225472\"\n    data-max-parallel-uploads=\"4\"\n    data-parallel-uploads=\"true\"\n\tdata-file-chunk-size=\"2097152\">\n\t<div class=\"dz-message\">\n\t\t<svg viewBox=\"0 0 1024 1024\" focusable=\"false\" class=\"\" data-icon=\"inbox\" width=\"50px\" height=\"50px\" fill=\"#B1B1B1\" aria-hidden=\"true\"><path d=\"M885.2 446.3l-.2-.8-112.2-285.1c-5-16.1-19.9-27.2-36.8-27.2H281.2c-17 0-32.1 11.3-36.9 27.6L139.4 443l-.3.7-.2.8c-1.3 4.9-1.7 9.9-1 14.8-.1 1.6-.2 3.2-.2 4.8V830a60.9 60.9 0 0 0 60.8 60.8h627.2c33.5 0 60.8-27.3 60.9-60.8V464.1c0-1.3 0-2.6-.1-3.7.4-4.9 0-9.6-1.3-14.1zm-295.8-43l-.3 15.7c-.8 44.9-31.8 75.1-77.1 75.1-22.1 0-41.1-7.1-54.8-20.6S436 441.2 435.6 419l-.3-15.7H229.5L309 210h399.2l81.7 193.3H589.4zm-375 76.8h157.3c24.3 57.1 76 90.8 140.4 90.8 33.7 0 65-9.4 90.3-27.2 22.2-15.6 39.5-37.4 50.7-63.6h156.5V814H214.4V480.1z\"><\/path><\/svg>\n\t\t<span class=\"modern-title\">\n\t\t\tClique ou arraste um arquivo para esta \u00e1rea para fazer upload.\t\t<\/span>\n\n\t\t\t<\/div>\n<\/div>\n<input type=\"text\" class=\"dropzone-input\"\n\tstyle=\"position:absolute!important;clip:rect(0,0,0,0)!important;height:1px!important;width:1px!important;border:0!important;overflow:hidden!important;padding:0!important;margin:0!important;\"\n\tid=\"wpforms-4577-field_15\"\n\tname=\"wpforms_4577_15\" required>\n<div class=\"wpforms-field-description\">M\u00e1ximo de 1 arquivo \/ Formato: .pdf \/ Tamanho M\u00e1ximo: 5MB<\/div><\/div><div id=\"wpforms-4577-field_16-container\" class=\"wpforms-field wpforms-field-file-upload\" data-field-id=\"16\"><label class=\"wpforms-field-label\" for=\"wpforms-4577-field_16\">Envio do Comprovante de Resid\u00eancia Atualizado <span class=\"wpforms-required-label\">*<\/span><\/label><div class=\"wpforms-uploader\"\n\tdata-field-id=\"16\"\n\tdata-form-id=\"4577\"\n\tdata-input-name=\"wpforms_4577_16\"\n\tdata-extensions=\"pdf\"\n\tdata-max-size=\"5242880\"\n\tdata-max-file-number=\"1\"\n\tdata-post-max-size=\"3221225472\"\n    data-max-parallel-uploads=\"4\"\n    data-parallel-uploads=\"true\"\n\tdata-file-chunk-size=\"2097152\">\n\t<div class=\"dz-message\">\n\t\t<svg viewBox=\"0 0 1024 1024\" focusable=\"false\" class=\"\" data-icon=\"inbox\" width=\"50px\" height=\"50px\" fill=\"#B1B1B1\" aria-hidden=\"true\"><path d=\"M885.2 446.3l-.2-.8-112.2-285.1c-5-16.1-19.9-27.2-36.8-27.2H281.2c-17 0-32.1 11.3-36.9 27.6L139.4 443l-.3.7-.2.8c-1.3 4.9-1.7 9.9-1 14.8-.1 1.6-.2 3.2-.2 4.8V830a60.9 60.9 0 0 0 60.8 60.8h627.2c33.5 0 60.8-27.3 60.9-60.8V464.1c0-1.3 0-2.6-.1-3.7.4-4.9 0-9.6-1.3-14.1zm-295.8-43l-.3 15.7c-.8 44.9-31.8 75.1-77.1 75.1-22.1 0-41.1-7.1-54.8-20.6S436 441.2 435.6 419l-.3-15.7H229.5L309 210h399.2l81.7 193.3H589.4zm-375 76.8h157.3c24.3 57.1 76 90.8 140.4 90.8 33.7 0 65-9.4 90.3-27.2 22.2-15.6 39.5-37.4 50.7-63.6h156.5V814H214.4V480.1z\"><\/path><\/svg>\n\t\t<span class=\"modern-title\">\n\t\t\tClique ou arraste um arquivo para esta \u00e1rea para fazer upload.\t\t<\/span>\n\n\t\t\t<\/div>\n<\/div>\n<input type=\"text\" class=\"dropzone-input\"\n\tstyle=\"position:absolute!important;clip:rect(0,0,0,0)!important;height:1px!important;width:1px!important;border:0!important;overflow:hidden!important;padding:0!important;margin:0!important;\"\n\tid=\"wpforms-4577-field_16\"\n\tname=\"wpforms_4577_16\" required>\n<div class=\"wpforms-field-description\">M\u00e1ximo de 1 arquivo \/ Formato: .pdf \/ Tamanho M\u00e1ximo: 5MB<\/div><\/div><div id=\"wpforms-4577-field_17-container\" class=\"wpforms-field wpforms-field-file-upload\" data-field-id=\"17\"><label class=\"wpforms-field-label\" for=\"wpforms-4577-field_17\">Envio da Certid\u00e3o de Quita\u00e7\u00e3o com as obriga\u00e7\u00f5es eleitorais <span class=\"wpforms-required-label\">*<\/span><\/label><div class=\"wpforms-uploader\"\n\tdata-field-id=\"17\"\n\tdata-form-id=\"4577\"\n\tdata-input-name=\"wpforms_4577_17\"\n\tdata-extensions=\"pdf\"\n\tdata-max-size=\"5242880\"\n\tdata-max-file-number=\"1\"\n\tdata-post-max-size=\"3221225472\"\n    data-max-parallel-uploads=\"4\"\n    data-parallel-uploads=\"true\"\n\tdata-file-chunk-size=\"2097152\">\n\t<div class=\"dz-message\">\n\t\t<svg viewBox=\"0 0 1024 1024\" focusable=\"false\" class=\"\" data-icon=\"inbox\" width=\"50px\" height=\"50px\" fill=\"#B1B1B1\" aria-hidden=\"true\"><path d=\"M885.2 446.3l-.2-.8-112.2-285.1c-5-16.1-19.9-27.2-36.8-27.2H281.2c-17 0-32.1 11.3-36.9 27.6L139.4 443l-.3.7-.2.8c-1.3 4.9-1.7 9.9-1 14.8-.1 1.6-.2 3.2-.2 4.8V830a60.9 60.9 0 0 0 60.8 60.8h627.2c33.5 0 60.8-27.3 60.9-60.8V464.1c0-1.3 0-2.6-.1-3.7.4-4.9 0-9.6-1.3-14.1zm-295.8-43l-.3 15.7c-.8 44.9-31.8 75.1-77.1 75.1-22.1 0-41.1-7.1-54.8-20.6S436 441.2 435.6 419l-.3-15.7H229.5L309 210h399.2l81.7 193.3H589.4zm-375 76.8h157.3c24.3 57.1 76 90.8 140.4 90.8 33.7 0 65-9.4 90.3-27.2 22.2-15.6 39.5-37.4 50.7-63.6h156.5V814H214.4V480.1z\"><\/path><\/svg>\n\t\t<span class=\"modern-title\">\n\t\t\tClique ou arraste um arquivo para esta \u00e1rea para fazer upload.\t\t<\/span>\n\n\t\t\t<\/div>\n<\/div>\n<input type=\"text\" class=\"dropzone-input\"\n\tstyle=\"position:absolute!important;clip:rect(0,0,0,0)!important;height:1px!important;width:1px!important;border:0!important;overflow:hidden!important;padding:0!important;margin:0!important;\"\n\tid=\"wpforms-4577-field_17\"\n\tname=\"wpforms_4577_17\" required>\n<div class=\"wpforms-field-description\">M\u00e1ximo de 1 arquivo \/ Formato: .pdf \/ Tamanho M\u00e1ximo: 5MB<\/div><\/div><div id=\"wpforms-4577-field_18-container\" class=\"wpforms-field wpforms-field-file-upload\" data-field-id=\"18\"><label class=\"wpforms-field-label\" for=\"wpforms-4577-field_18\">Envio das Certid\u00f5es de Nada Consta Estadual e Federal (civil e criminal) <span class=\"wpforms-required-label\">*<\/span><\/label><div class=\"wpforms-uploader\"\n\tdata-field-id=\"18\"\n\tdata-form-id=\"4577\"\n\tdata-input-name=\"wpforms_4577_18\"\n\tdata-extensions=\"pdf\"\n\tdata-max-size=\"5242880\"\n\tdata-max-file-number=\"4\"\n\tdata-post-max-size=\"3221225472\"\n    data-max-parallel-uploads=\"4\"\n    data-parallel-uploads=\"true\"\n\tdata-file-chunk-size=\"2097152\">\n\t<div class=\"dz-message\">\n\t\t<svg viewBox=\"0 0 1024 1024\" focusable=\"false\" class=\"\" data-icon=\"inbox\" width=\"50px\" height=\"50px\" fill=\"#B1B1B1\" aria-hidden=\"true\"><path d=\"M885.2 446.3l-.2-.8-112.2-285.1c-5-16.1-19.9-27.2-36.8-27.2H281.2c-17 0-32.1 11.3-36.9 27.6L139.4 443l-.3.7-.2.8c-1.3 4.9-1.7 9.9-1 14.8-.1 1.6-.2 3.2-.2 4.8V830a60.9 60.9 0 0 0 60.8 60.8h627.2c33.5 0 60.8-27.3 60.9-60.8V464.1c0-1.3 0-2.6-.1-3.7.4-4.9 0-9.6-1.3-14.1zm-295.8-43l-.3 15.7c-.8 44.9-31.8 75.1-77.1 75.1-22.1 0-41.1-7.1-54.8-20.6S436 441.2 435.6 419l-.3-15.7H229.5L309 210h399.2l81.7 193.3H589.4zm-375 76.8h157.3c24.3 57.1 76 90.8 140.4 90.8 33.7 0 65-9.4 90.3-27.2 22.2-15.6 39.5-37.4 50.7-63.6h156.5V814H214.4V480.1z\"><\/path><\/svg>\n\t\t<span class=\"modern-title\">\n\t\t\tClique ou arraste os arquivos para esta \u00e1rea para fazer upload.\t\t<\/span>\n\n\t\t\t\t\t<span class=\"modern-hint\">\n\t\t\t\tVoc\u00ea pode enviar at\u00e9 4 arquivos.\t\t\t<\/span>\n\t\t\t<\/div>\n<\/div>\n<input type=\"text\" class=\"dropzone-input\"\n\tstyle=\"position:absolute!important;clip:rect(0,0,0,0)!important;height:1px!important;width:1px!important;border:0!important;overflow:hidden!important;padding:0!important;margin:0!important;\"\n\tid=\"wpforms-4577-field_18\"\n\tname=\"wpforms_4577_18\" required>\n<div class=\"wpforms-field-description\">M\u00e1ximo de 4 arquivo \/ Formato: .pdf \/ Tamanho M\u00e1ximo: 5MB<\/div><\/div><div id=\"wpforms-4577-field_19-container\" class=\"wpforms-field wpforms-field-file-upload\" data-field-id=\"19\"><label class=\"wpforms-field-label\" for=\"wpforms-4577-field_19\">Envio das Declara\u00e7\u00f5es de Penaliza\u00e7\u00e3o Administrativa e N\u00e3o Acumula\u00e7\u00e3o Il\u00edcita de Cargo <span class=\"wpforms-required-label\">*<\/span><\/label><div class=\"wpforms-uploader\"\n\tdata-field-id=\"19\"\n\tdata-form-id=\"4577\"\n\tdata-input-name=\"wpforms_4577_19\"\n\tdata-extensions=\"pdf\"\n\tdata-max-size=\"5242880\"\n\tdata-max-file-number=\"2\"\n\tdata-post-max-size=\"3221225472\"\n    data-max-parallel-uploads=\"4\"\n    data-parallel-uploads=\"true\"\n\tdata-file-chunk-size=\"2097152\">\n\t<div class=\"dz-message\">\n\t\t<svg viewBox=\"0 0 1024 1024\" focusable=\"false\" class=\"\" data-icon=\"inbox\" width=\"50px\" height=\"50px\" fill=\"#B1B1B1\" aria-hidden=\"true\"><path d=\"M885.2 446.3l-.2-.8-112.2-285.1c-5-16.1-19.9-27.2-36.8-27.2H281.2c-17 0-32.1 11.3-36.9 27.6L139.4 443l-.3.7-.2.8c-1.3 4.9-1.7 9.9-1 14.8-.1 1.6-.2 3.2-.2 4.8V830a60.9 60.9 0 0 0 60.8 60.8h627.2c33.5 0 60.8-27.3 60.9-60.8V464.1c0-1.3 0-2.6-.1-3.7.4-4.9 0-9.6-1.3-14.1zm-295.8-43l-.3 15.7c-.8 44.9-31.8 75.1-77.1 75.1-22.1 0-41.1-7.1-54.8-20.6S436 441.2 435.6 419l-.3-15.7H229.5L309 210h399.2l81.7 193.3H589.4zm-375 76.8h157.3c24.3 57.1 76 90.8 140.4 90.8 33.7 0 65-9.4 90.3-27.2 22.2-15.6 39.5-37.4 50.7-63.6h156.5V814H214.4V480.1z\"><\/path><\/svg>\n\t\t<span class=\"modern-title\">\n\t\t\tClique ou arraste os arquivos para esta \u00e1rea para fazer upload.\t\t<\/span>\n\n\t\t\t\t\t<span class=\"modern-hint\">\n\t\t\t\tVoc\u00ea pode enviar at\u00e9 2 arquivos.\t\t\t<\/span>\n\t\t\t<\/div>\n<\/div>\n<input type=\"text\" class=\"dropzone-input\"\n\tstyle=\"position:absolute!important;clip:rect(0,0,0,0)!important;height:1px!important;width:1px!important;border:0!important;overflow:hidden!important;padding:0!important;margin:0!important;\"\n\tid=\"wpforms-4577-field_19\"\n\tname=\"wpforms_4577_19\" required>\n<div class=\"wpforms-field-description\">M\u00e1ximo de 2 arquivo \/ Formato: .pdf \/ Tamanho M\u00e1ximo: 5MB<\/div><\/div><div id=\"wpforms-4577-field_11-container\" class=\"wpforms-field wpforms-field-pagebreak\" data-field-id=\"11\"><div class=\"wpforms-clear wpforms-pagebreak-left\"><button class=\"wpforms-page-button wpforms-page-prev\" data-action=\"prev\" data-page=\"2\" data-formid=\"4577\" disabled>Anterior<\/button><\/div><\/div><\/div><\/div><div class=\"wpforms-submit-container\" style=\"display:none;\"><input type=\"hidden\" name=\"wpforms[id]\" value=\"4577\"><input type=\"hidden\" name=\"wpforms[author]\" value=\"2\"><button type=\"submit\" name=\"wpforms[submit]\" class=\"wpforms-submit \" id=\"wpforms-submit-4577\" value=\"wpforms-submit\" aria-live=\"assertive\" data-alt-text=\"Enviando\u2026\" data-submit-text=\"Enviar\">Enviar<\/button><\/div><\/form><\/div>  <!-- .wpforms-container -->","protected":false},"excerpt":{"rendered":"","protected":false},"author":2,"featured_media":0,"parent":0,"menu_order":0,"comment_status":"closed","ping_status":"closed","template":"","meta":{"footnotes":""},"class_list":["post-4578","page","type-page","status-publish","hentry"],"_links":{"self":[{"href":"https:\/\/selecoes.epistemeonline.com\/index.php\/wp-json\/wp\/v2\/pages\/4578","targetHints":{"allow":["GET"]}}],"collection":[{"href":"https:\/\/selecoes.epistemeonline.com\/index.php\/wp-json\/wp\/v2\/pages"}],"about":[{"href":"https:\/\/selecoes.epistemeonline.com\/index.php\/wp-json\/wp\/v2\/types\/page"}],"author":[{"embeddable":true,"href":"https:\/\/selecoes.epistemeonline.com\/index.php\/wp-json\/wp\/v2\/users\/2"}],"replies":[{"embeddable":true,"href":"https:\/\/selecoes.epistemeonline.com\/index.php\/wp-json\/wp\/v2\/comments?post=4578"}],"version-history":[{"count":1,"href":"https:\/\/selecoes.epistemeonline.com\/index.php\/wp-json\/wp\/v2\/pages\/4578\/revisions"}],"predecessor-version":[{"id":4579,"href":"https:\/\/selecoes.epistemeonline.com\/index.php\/wp-json\/wp\/v2\/pages\/4578\/revisions\/4579"}],"wp:attachment":[{"href":"https:\/\/selecoes.epistemeonline.com\/index.php\/wp-json\/wp\/v2\/media?parent=4578"}],"curies":[{"name":"wp","href":"https:\/\/api.w.org\/{rel}","templated":true}]}}