{"id":4724,"date":"2023-09-11T08:41:43","date_gmt":"2023-09-11T11:41:43","guid":{"rendered":"https:\/\/selecoes.epistemeonline.com\/?page_id=4724"},"modified":"2023-09-11T08:41:43","modified_gmt":"2023-09-11T11:41:43","slug":"pss-olho-dagua-grande","status":"publish","type":"page","link":"https:\/\/selecoes.epistemeonline.com\/index.php\/pss-olho-dagua-grande\/","title":{"rendered":"PSS OLHO D&#8217;\u00c1GUA GRANDE"},"content":{"rendered":"<div class=\"wpforms-container wpforms-container-full\" id=\"wpforms-4718\"><form id=\"wpforms-form-4718\" class=\"wpforms-validate wpforms-form\" data-formid=\"4718\" method=\"post\" enctype=\"multipart\/form-data\" action=\"\/index.php\/wp-json\/wp\/v2\/pages\/4724?wpforms_form_id=4718\" data-token=\"cd47fbf1597854f0edc7f76f250536bc\"><noscript class=\"wpforms-error-noscript\">Ative o JavaScript no seu navegador para preencher este formul\u00e1rio.<\/noscript><div class=\"wpforms-field-container\"><div id=\"wpforms-4718-field_1-container\" class=\"wpforms-field wpforms-field-text\" data-field-id=\"1\"><label class=\"wpforms-field-label\" for=\"wpforms-4718-field_1\">NOME COMPLETO  <span class=\"wpforms-required-label\">*<\/span><\/label><input type=\"text\" id=\"wpforms-4718-field_1\" class=\"wpforms-field-medium wpforms-field-required\" name=\"wpforms[fields][1]\" required><div class=\"wpforms-field-description\">SEM ABREVIA\u00c7\u00d5ES<\/div><\/div><div id=\"wpforms-4718-field_2-container\" class=\"wpforms-field wpforms-field-text\" data-field-id=\"2\"><label class=\"wpforms-field-label\" for=\"wpforms-4718-field_2\">N\u00daMERO DO CPF DO CANDIDATO <span class=\"wpforms-required-label\">*<\/span><\/label><input type=\"text\" id=\"wpforms-4718-field_2\" class=\"wpforms-field-medium wpforms-field-required\" name=\"wpforms[fields][2]\" required><div class=\"wpforms-field-description\">APENAS N\u00daMEROS<\/div><\/div><div id=\"wpforms-4718-field_3-container\" class=\"wpforms-field wpforms-field-text\" data-field-id=\"3\"><label class=\"wpforms-field-label\" for=\"wpforms-4718-field_3\">N\u00daMERO DO TELEFONE DO CANDIDATO <span class=\"wpforms-required-label\">*<\/span><\/label><input type=\"text\" id=\"wpforms-4718-field_3\" class=\"wpforms-field-medium wpforms-field-required\" name=\"wpforms[fields][3]\" required><div class=\"wpforms-field-description\">APENAS N\u00daMEROS<\/div><\/div><div id=\"wpforms-4718-field_4-container\" class=\"wpforms-field wpforms-field-email\" data-field-id=\"4\"><label class=\"wpforms-field-label\" for=\"wpforms-4718-field_4\">E-mail <span class=\"wpforms-required-label\">*<\/span><\/label><div class=\"wpforms-field-row wpforms-field-medium\"><div class=\"wpforms-field-row-block wpforms-one-half wpforms-first\"><input type=\"email\" id=\"wpforms-4718-field_4\" class=\"wpforms-field-required wpforms-field-email-primary\" name=\"wpforms[fields][4][primary]\" required><label for=\"wpforms-4718-field_4\" class=\"wpforms-field-sublabel after \">E-mail<\/label><\/div><div class=\"wpforms-field-row-block wpforms-one-half\"><input type=\"email\" id=\"wpforms-4718-field_4-secondary\" class=\"wpforms-field-email-secondary wpforms-field-required\" data-rule-confirm=\"#wpforms-4718-field_4\" name=\"wpforms[fields][4][secondary]\" required><label for=\"wpforms-4718-field_4-secondary\" class=\"wpforms-field-sublabel after \">Confirmar e-mail<\/label><\/div><\/div><\/div><div id=\"wpforms-4718-field_6-container\" class=\"wpforms-field wpforms-field-select wpforms-field-select-style-classic\" data-field-id=\"6\"><label class=\"wpforms-field-label\" for=\"wpforms-4718-field_6\">POSSUI ALGUMA DEFICI\u00caNCIA? <span class=\"wpforms-required-label\">*<\/span><\/label><select id=\"wpforms-4718-field_6\" class=\"wpforms-field-medium wpforms-field-required\" name=\"wpforms[fields][6]\" required=\"required\"><option value=\"SIM \" >SIM <\/option><option value=\"N\u00c3O\"  selected='selected'>N\u00c3O<\/option><\/select><\/div><div id=\"wpforms-4718-field_7-container\" class=\"wpforms-field wpforms-field-text\" data-field-id=\"7\"><label class=\"wpforms-field-label\" for=\"wpforms-4718-field_7\">SE A RESPOSTA ANTERIOR FOR SIM, INFORME ABAIXO<\/label><input type=\"text\" id=\"wpforms-4718-field_7\" class=\"wpforms-field-medium\" name=\"wpforms[fields][7]\" ><\/div><div id=\"wpforms-4718-field_8-container\" class=\"wpforms-field wpforms-field-text\" data-field-id=\"8\"><label class=\"wpforms-field-label\" for=\"wpforms-4718-field_8\">PRECISA DE ALGUMA ATEN\u00c7\u00c3O ESPECIAL PARA PARTICIPA\u00c7\u00c3O NA PROVA OBJETIVA E TESTE SITUACIONAL? SE SIM, INFORME QUAL. <span class=\"wpforms-required-label\">*<\/span><\/label><input type=\"text\" id=\"wpforms-4718-field_8\" class=\"wpforms-field-medium wpforms-field-required\" name=\"wpforms[fields][8]\" required><\/div><div id=\"wpforms-4718-field_9-container\" class=\"wpforms-field wpforms-field-file-upload\" data-field-id=\"9\"><label class=\"wpforms-field-label\" for=\"wpforms-4718-field_9\">Envio do RG e CPF <span class=\"wpforms-required-label\">*<\/span><\/label><div class=\"wpforms-uploader\"\n\tdata-field-id=\"9\"\n\tdata-form-id=\"4718\"\n\tdata-input-name=\"wpforms_4718_9\"\n\tdata-extensions=\"pdf\"\n\tdata-max-size=\"5242880\"\n\tdata-max-file-number=\"2\"\n\tdata-post-max-size=\"3221225472\"\n    data-max-parallel-uploads=\"4\"\n    data-parallel-uploads=\"true\"\n\tdata-file-chunk-size=\"2097152\">\n\t<div class=\"dz-message\">\n\t\t<svg viewBox=\"0 0 1024 1024\" focusable=\"false\" class=\"\" data-icon=\"inbox\" width=\"50px\" height=\"50px\" fill=\"#B1B1B1\" aria-hidden=\"true\"><path d=\"M885.2 446.3l-.2-.8-112.2-285.1c-5-16.1-19.9-27.2-36.8-27.2H281.2c-17 0-32.1 11.3-36.9 27.6L139.4 443l-.3.7-.2.8c-1.3 4.9-1.7 9.9-1 14.8-.1 1.6-.2 3.2-.2 4.8V830a60.9 60.9 0 0 0 60.8 60.8h627.2c33.5 0 60.8-27.3 60.9-60.8V464.1c0-1.3 0-2.6-.1-3.7.4-4.9 0-9.6-1.3-14.1zm-295.8-43l-.3 15.7c-.8 44.9-31.8 75.1-77.1 75.1-22.1 0-41.1-7.1-54.8-20.6S436 441.2 435.6 419l-.3-15.7H229.5L309 210h399.2l81.7 193.3H589.4zm-375 76.8h157.3c24.3 57.1 76 90.8 140.4 90.8 33.7 0 65-9.4 90.3-27.2 22.2-15.6 39.5-37.4 50.7-63.6h156.5V814H214.4V480.1z\"><\/path><\/svg>\n\t\t<span class=\"modern-title\">\n\t\t\tClique ou arraste os arquivos para esta \u00e1rea para fazer upload.\t\t<\/span>\n\n\t\t\t\t\t<span class=\"modern-hint\">\n\t\t\t\tVoc\u00ea pode enviar at\u00e9 2 arquivos.\t\t\t<\/span>\n\t\t\t<\/div>\n<\/div>\n<input type=\"text\" class=\"dropzone-input\"\n\tstyle=\"position:absolute!important;clip:rect(0,0,0,0)!important;height:1px!important;width:1px!important;border:0!important;overflow:hidden!important;padding:0!important;margin:0!important;\"\n\tid=\"wpforms-4718-field_9\"\n\tname=\"wpforms_4718_9\" required>\n<div class=\"wpforms-field-description\">M\u00e1ximo 2 arquivos \/ Formato .pdf \/ Tamanho m\u00e1ximo 5 MB<\/div><\/div><div id=\"wpforms-4718-field_10-container\" class=\"wpforms-field wpforms-field-file-upload\" data-field-id=\"10\"><label class=\"wpforms-field-label\" for=\"wpforms-4718-field_10\">Envio da Comprova\u00e7\u00e3o das Titula\u00e7\u00f5es Acad\u00eamicas   <span class=\"wpforms-required-label\">*<\/span><\/label><div class=\"wpforms-uploader\"\n\tdata-field-id=\"10\"\n\tdata-form-id=\"4718\"\n\tdata-input-name=\"wpforms_4718_10\"\n\tdata-extensions=\"pdf\"\n\tdata-max-size=\"5242880\"\n\tdata-max-file-number=\"5\"\n\tdata-post-max-size=\"3221225472\"\n    data-max-parallel-uploads=\"4\"\n    data-parallel-uploads=\"true\"\n\tdata-file-chunk-size=\"2097152\">\n\t<div class=\"dz-message\">\n\t\t<svg viewBox=\"0 0 1024 1024\" focusable=\"false\" class=\"\" data-icon=\"inbox\" width=\"50px\" height=\"50px\" fill=\"#B1B1B1\" aria-hidden=\"true\"><path d=\"M885.2 446.3l-.2-.8-112.2-285.1c-5-16.1-19.9-27.2-36.8-27.2H281.2c-17 0-32.1 11.3-36.9 27.6L139.4 443l-.3.7-.2.8c-1.3 4.9-1.7 9.9-1 14.8-.1 1.6-.2 3.2-.2 4.8V830a60.9 60.9 0 0 0 60.8 60.8h627.2c33.5 0 60.8-27.3 60.9-60.8V464.1c0-1.3 0-2.6-.1-3.7.4-4.9 0-9.6-1.3-14.1zm-295.8-43l-.3 15.7c-.8 44.9-31.8 75.1-77.1 75.1-22.1 0-41.1-7.1-54.8-20.6S436 441.2 435.6 419l-.3-15.7H229.5L309 210h399.2l81.7 193.3H589.4zm-375 76.8h157.3c24.3 57.1 76 90.8 140.4 90.8 33.7 0 65-9.4 90.3-27.2 22.2-15.6 39.5-37.4 50.7-63.6h156.5V814H214.4V480.1z\"><\/path><\/svg>\n\t\t<span class=\"modern-title\">\n\t\t\tClique ou arraste os arquivos para esta \u00e1rea para fazer upload.\t\t<\/span>\n\n\t\t\t\t\t<span class=\"modern-hint\">\n\t\t\t\tVoc\u00ea pode enviar at\u00e9 5 arquivos.\t\t\t<\/span>\n\t\t\t<\/div>\n<\/div>\n<input type=\"text\" class=\"dropzone-input\"\n\tstyle=\"position:absolute!important;clip:rect(0,0,0,0)!important;height:1px!important;width:1px!important;border:0!important;overflow:hidden!important;padding:0!important;margin:0!important;\"\n\tid=\"wpforms-4718-field_10\"\n\tname=\"wpforms_4718_10\" required>\n<div class=\"wpforms-field-description\">Gradua\u00e7\u00e3o \/ Especializa\u00e7\u00e3o \/ Mestrado \/ Doutorado \/ M\u00e1ximo de 5 arquivos \/ Formato: .pdf \/ Tamanho M\u00e1ximo por arquivo: 5MB<\/div><\/div><div id=\"wpforms-4718-field_11-container\" class=\"wpforms-field wpforms-field-file-upload\" data-field-id=\"11\"><label class=\"wpforms-field-label\" for=\"wpforms-4718-field_11\">Envio de Portaria de Nomea\u00e7\u00e3o ou Declara\u00e7\u00e3o para comprova\u00e7\u00e3o de vinculo<\/label><div class=\"wpforms-uploader\"\n\tdata-field-id=\"11\"\n\tdata-form-id=\"4718\"\n\tdata-input-name=\"wpforms_4718_11\"\n\tdata-extensions=\"pdf\"\n\tdata-max-size=\"5242880\"\n\tdata-max-file-number=\"1\"\n\tdata-post-max-size=\"3221225472\"\n    data-max-parallel-uploads=\"4\"\n    data-parallel-uploads=\"true\"\n\tdata-file-chunk-size=\"2097152\">\n\t<div class=\"dz-message\">\n\t\t<svg viewBox=\"0 0 1024 1024\" focusable=\"false\" class=\"\" data-icon=\"inbox\" width=\"50px\" height=\"50px\" fill=\"#B1B1B1\" aria-hidden=\"true\"><path d=\"M885.2 446.3l-.2-.8-112.2-285.1c-5-16.1-19.9-27.2-36.8-27.2H281.2c-17 0-32.1 11.3-36.9 27.6L139.4 443l-.3.7-.2.8c-1.3 4.9-1.7 9.9-1 14.8-.1 1.6-.2 3.2-.2 4.8V830a60.9 60.9 0 0 0 60.8 60.8h627.2c33.5 0 60.8-27.3 60.9-60.8V464.1c0-1.3 0-2.6-.1-3.7.4-4.9 0-9.6-1.3-14.1zm-295.8-43l-.3 15.7c-.8 44.9-31.8 75.1-77.1 75.1-22.1 0-41.1-7.1-54.8-20.6S436 441.2 435.6 419l-.3-15.7H229.5L309 210h399.2l81.7 193.3H589.4zm-375 76.8h157.3c24.3 57.1 76 90.8 140.4 90.8 33.7 0 65-9.4 90.3-27.2 22.2-15.6 39.5-37.4 50.7-63.6h156.5V814H214.4V480.1z\"><\/path><\/svg>\n\t\t<span class=\"modern-title\">\n\t\t\tClique ou arraste um arquivo para esta \u00e1rea para fazer upload.\t\t<\/span>\n\n\t\t\t<\/div>\n<\/div>\n<input type=\"text\" class=\"dropzone-input\"\n\tstyle=\"position:absolute!important;clip:rect(0,0,0,0)!important;height:1px!important;width:1px!important;border:0!important;overflow:hidden!important;padding:0!important;margin:0!important;\"\n\tid=\"wpforms-4718-field_11\"\n\tname=\"wpforms_4718_11\" >\n<div class=\"wpforms-field-description\">M\u00e1ximo de 1 arquivo \/ Formato: .pdf \/ Tamanho M\u00e1ximo: 5MB<\/div><\/div><div id=\"wpforms-4718-field_12-container\" class=\"wpforms-field wpforms-field-file-upload\" data-field-id=\"12\"><label class=\"wpforms-field-label\" for=\"wpforms-4718-field_12\">Envio do Comprovante de Resid\u00eancia Atualizado<\/label><div class=\"wpforms-uploader\"\n\tdata-field-id=\"12\"\n\tdata-form-id=\"4718\"\n\tdata-input-name=\"wpforms_4718_12\"\n\tdata-extensions=\"pdf\"\n\tdata-max-size=\"5242880\"\n\tdata-max-file-number=\"1\"\n\tdata-post-max-size=\"3221225472\"\n    data-max-parallel-uploads=\"4\"\n    data-parallel-uploads=\"true\"\n\tdata-file-chunk-size=\"2097152\">\n\t<div class=\"dz-message\">\n\t\t<svg viewBox=\"0 0 1024 1024\" focusable=\"false\" class=\"\" data-icon=\"inbox\" width=\"50px\" height=\"50px\" fill=\"#B1B1B1\" aria-hidden=\"true\"><path d=\"M885.2 446.3l-.2-.8-112.2-285.1c-5-16.1-19.9-27.2-36.8-27.2H281.2c-17 0-32.1 11.3-36.9 27.6L139.4 443l-.3.7-.2.8c-1.3 4.9-1.7 9.9-1 14.8-.1 1.6-.2 3.2-.2 4.8V830a60.9 60.9 0 0 0 60.8 60.8h627.2c33.5 0 60.8-27.3 60.9-60.8V464.1c0-1.3 0-2.6-.1-3.7.4-4.9 0-9.6-1.3-14.1zm-295.8-43l-.3 15.7c-.8 44.9-31.8 75.1-77.1 75.1-22.1 0-41.1-7.1-54.8-20.6S436 441.2 435.6 419l-.3-15.7H229.5L309 210h399.2l81.7 193.3H589.4zm-375 76.8h157.3c24.3 57.1 76 90.8 140.4 90.8 33.7 0 65-9.4 90.3-27.2 22.2-15.6 39.5-37.4 50.7-63.6h156.5V814H214.4V480.1z\"><\/path><\/svg>\n\t\t<span class=\"modern-title\">\n\t\t\tClique ou arraste um arquivo para esta \u00e1rea para fazer upload.\t\t<\/span>\n\n\t\t\t<\/div>\n<\/div>\n<input type=\"text\" class=\"dropzone-input\"\n\tstyle=\"position:absolute!important;clip:rect(0,0,0,0)!important;height:1px!important;width:1px!important;border:0!important;overflow:hidden!important;padding:0!important;margin:0!important;\"\n\tid=\"wpforms-4718-field_12\"\n\tname=\"wpforms_4718_12\" >\n<div class=\"wpforms-field-description\">M\u00e1ximo de 1 arquivo \/ Formato: .pdf \/ Tamanho M\u00e1ximo: 5MB<\/div><\/div><div id=\"wpforms-4718-field_13-container\" class=\"wpforms-field wpforms-field-file-upload\" data-field-id=\"13\"><label class=\"wpforms-field-label\" for=\"wpforms-4718-field_13\">Envio das Certid\u00f5es de Nada Consta Estadual e Federal (civil e criminal) <span class=\"wpforms-required-label\">*<\/span><\/label><div class=\"wpforms-uploader\"\n\tdata-field-id=\"13\"\n\tdata-form-id=\"4718\"\n\tdata-input-name=\"wpforms_4718_13\"\n\tdata-extensions=\"pdf\"\n\tdata-max-size=\"5242880\"\n\tdata-max-file-number=\"4\"\n\tdata-post-max-size=\"3221225472\"\n    data-max-parallel-uploads=\"4\"\n    data-parallel-uploads=\"true\"\n\tdata-file-chunk-size=\"2097152\">\n\t<div class=\"dz-message\">\n\t\t<svg viewBox=\"0 0 1024 1024\" focusable=\"false\" class=\"\" data-icon=\"inbox\" width=\"50px\" height=\"50px\" fill=\"#B1B1B1\" aria-hidden=\"true\"><path d=\"M885.2 446.3l-.2-.8-112.2-285.1c-5-16.1-19.9-27.2-36.8-27.2H281.2c-17 0-32.1 11.3-36.9 27.6L139.4 443l-.3.7-.2.8c-1.3 4.9-1.7 9.9-1 14.8-.1 1.6-.2 3.2-.2 4.8V830a60.9 60.9 0 0 0 60.8 60.8h627.2c33.5 0 60.8-27.3 60.9-60.8V464.1c0-1.3 0-2.6-.1-3.7.4-4.9 0-9.6-1.3-14.1zm-295.8-43l-.3 15.7c-.8 44.9-31.8 75.1-77.1 75.1-22.1 0-41.1-7.1-54.8-20.6S436 441.2 435.6 419l-.3-15.7H229.5L309 210h399.2l81.7 193.3H589.4zm-375 76.8h157.3c24.3 57.1 76 90.8 140.4 90.8 33.7 0 65-9.4 90.3-27.2 22.2-15.6 39.5-37.4 50.7-63.6h156.5V814H214.4V480.1z\"><\/path><\/svg>\n\t\t<span class=\"modern-title\">\n\t\t\tClique ou arraste os arquivos para esta \u00e1rea para fazer upload.\t\t<\/span>\n\n\t\t\t\t\t<span class=\"modern-hint\">\n\t\t\t\tVoc\u00ea pode enviar at\u00e9 4 arquivos.\t\t\t<\/span>\n\t\t\t<\/div>\n<\/div>\n<input type=\"text\" class=\"dropzone-input\"\n\tstyle=\"position:absolute!important;clip:rect(0,0,0,0)!important;height:1px!important;width:1px!important;border:0!important;overflow:hidden!important;padding:0!important;margin:0!important;\"\n\tid=\"wpforms-4718-field_13\"\n\tname=\"wpforms_4718_13\" required>\n<div class=\"wpforms-field-description\">M\u00e1ximo de 4 arquivo \/ Formato: .pdf \/ Tamanho M\u00e1ximo: 5MB<\/div><\/div><div id=\"wpforms-4718-field_14-container\" class=\"wpforms-field wpforms-field-file-upload\" data-field-id=\"14\"><label class=\"wpforms-field-label\" for=\"wpforms-4718-field_14\">Envio das Declara\u00e7\u00f5es de Penaliza\u00e7\u00e3o Administrativa e N\u00e3o Acumula\u00e7\u00e3o Il\u00edcita de Cargo <span class=\"wpforms-required-label\">*<\/span><\/label><div class=\"wpforms-uploader\"\n\tdata-field-id=\"14\"\n\tdata-form-id=\"4718\"\n\tdata-input-name=\"wpforms_4718_14\"\n\tdata-extensions=\"pdf\"\n\tdata-max-size=\"5242880\"\n\tdata-max-file-number=\"2\"\n\tdata-post-max-size=\"3221225472\"\n    data-max-parallel-uploads=\"4\"\n    data-parallel-uploads=\"true\"\n\tdata-file-chunk-size=\"2097152\">\n\t<div class=\"dz-message\">\n\t\t<svg viewBox=\"0 0 1024 1024\" focusable=\"false\" class=\"\" data-icon=\"inbox\" width=\"50px\" height=\"50px\" fill=\"#B1B1B1\" aria-hidden=\"true\"><path d=\"M885.2 446.3l-.2-.8-112.2-285.1c-5-16.1-19.9-27.2-36.8-27.2H281.2c-17 0-32.1 11.3-36.9 27.6L139.4 443l-.3.7-.2.8c-1.3 4.9-1.7 9.9-1 14.8-.1 1.6-.2 3.2-.2 4.8V830a60.9 60.9 0 0 0 60.8 60.8h627.2c33.5 0 60.8-27.3 60.9-60.8V464.1c0-1.3 0-2.6-.1-3.7.4-4.9 0-9.6-1.3-14.1zm-295.8-43l-.3 15.7c-.8 44.9-31.8 75.1-77.1 75.1-22.1 0-41.1-7.1-54.8-20.6S436 441.2 435.6 419l-.3-15.7H229.5L309 210h399.2l81.7 193.3H589.4zm-375 76.8h157.3c24.3 57.1 76 90.8 140.4 90.8 33.7 0 65-9.4 90.3-27.2 22.2-15.6 39.5-37.4 50.7-63.6h156.5V814H214.4V480.1z\"><\/path><\/svg>\n\t\t<span class=\"modern-title\">\n\t\t\tClique ou arraste os arquivos para esta \u00e1rea para fazer upload.\t\t<\/span>\n\n\t\t\t\t\t<span class=\"modern-hint\">\n\t\t\t\tVoc\u00ea pode enviar at\u00e9 2 arquivos.\t\t\t<\/span>\n\t\t\t<\/div>\n<\/div>\n<input type=\"text\" class=\"dropzone-input\"\n\tstyle=\"position:absolute!important;clip:rect(0,0,0,0)!important;height:1px!important;width:1px!important;border:0!important;overflow:hidden!important;padding:0!important;margin:0!important;\"\n\tid=\"wpforms-4718-field_14\"\n\tname=\"wpforms_4718_14\" required>\n<div class=\"wpforms-field-description\">M\u00e1ximo de 2 arquivo \/ Formato: .pdf \/ Tamanho M\u00e1ximo: 5MB<\/div><\/div><\/div><div class=\"wpforms-submit-container\" ><input type=\"hidden\" name=\"wpforms[id]\" value=\"4718\"><input type=\"hidden\" name=\"wpforms[author]\" value=\"2\"><button type=\"submit\" name=\"wpforms[submit]\" class=\"wpforms-submit \" id=\"wpforms-submit-4718\" value=\"wpforms-submit\" aria-live=\"assertive\" data-alt-text=\"Enviando\u2026\" data-submit-text=\"Enviar\">Enviar<\/button><\/div><\/form><\/div>  <!-- .wpforms-container -->","protected":false},"excerpt":{"rendered":"","protected":false},"author":2,"featured_media":0,"parent":0,"menu_order":0,"comment_status":"closed","ping_status":"closed","template":"","meta":{"footnotes":""},"class_list":["post-4724","page","type-page","status-publish","hentry"],"_links":{"self":[{"href":"https:\/\/selecoes.epistemeonline.com\/index.php\/wp-json\/wp\/v2\/pages\/4724","targetHints":{"allow":["GET"]}}],"collection":[{"href":"https:\/\/selecoes.epistemeonline.com\/index.php\/wp-json\/wp\/v2\/pages"}],"about":[{"href":"https:\/\/selecoes.epistemeonline.com\/index.php\/wp-json\/wp\/v2\/types\/page"}],"author":[{"embeddable":true,"href":"https:\/\/selecoes.epistemeonline.com\/index.php\/wp-json\/wp\/v2\/users\/2"}],"replies":[{"embeddable":true,"href":"https:\/\/selecoes.epistemeonline.com\/index.php\/wp-json\/wp\/v2\/comments?post=4724"}],"version-history":[{"count":1,"href":"https:\/\/selecoes.epistemeonline.com\/index.php\/wp-json\/wp\/v2\/pages\/4724\/revisions"}],"predecessor-version":[{"id":4725,"href":"https:\/\/selecoes.epistemeonline.com\/index.php\/wp-json\/wp\/v2\/pages\/4724\/revisions\/4725"}],"wp:attachment":[{"href":"https:\/\/selecoes.epistemeonline.com\/index.php\/wp-json\/wp\/v2\/media?parent=4724"}],"curies":[{"name":"wp","href":"https:\/\/api.w.org\/{rel}","templated":true}]}}