{"id":50,"date":"2021-01-03T22:27:08","date_gmt":"2021-01-04T01:27:08","guid":{"rendered":"http:\/\/selecoes.epistemeonline.com\/?page_id=50"},"modified":"2025-05-14T21:01:50","modified_gmt":"2025-05-15T00:01:50","slug":"pagina-inicial","status":"publish","type":"page","link":"https:\/\/selecoes.epistemeonline.com\/","title":{"rendered":"P\u00e1gina Inicial"},"content":{"rendered":"\t\t<div data-elementor-type=\"wp-page\" data-elementor-id=\"50\" class=\"elementor elementor-50\">\n\t\t\t\t\t\t<section class=\"elementor-section elementor-top-section elementor-element elementor-element-518cff9 elementor-section-boxed elementor-section-height-default elementor-section-height-default\" data-id=\"518cff9\" data-element_type=\"section\" data-e-type=\"section\">\n\t\t\t\t\t\t<div class=\"elementor-container elementor-column-gap-default\">\n\t\t\t\t\t<div class=\"elementor-column elementor-col-100 elementor-top-column elementor-element elementor-element-8bfaf96\" data-id=\"8bfaf96\" data-element_type=\"column\" data-e-type=\"column\">\n\t\t\t<div class=\"elementor-widget-wrap elementor-element-populated\">\n\t\t\t\t\t\t<div class=\"elementor-element elementor-element-bc2aa6c elementor-widget elementor-widget-text-editor\" data-id=\"bc2aa6c\" data-element_type=\"widget\" data-e-type=\"widget\" data-widget_type=\"text-editor.default\">\n\t\t\t\t<div class=\"elementor-widget-container\">\n\t\t\t\t\t\t\t\t\t<h3><span style=\"color: #808080;\"><b>CONCURSOS E SELE\u00c7\u00d5ES<\/b><\/span><\/h3>\t\t\t\t\t\t\t\t<\/div>\n\t\t\t\t<\/div>\n\t\t\t\t\t<\/div>\n\t\t<\/div>\n\t\t\t\t\t<\/div>\n\t\t<\/section>\n\t\t\t\t<section class=\"elementor-section elementor-top-section elementor-element elementor-element-d2a6025 elementor-section-boxed elementor-section-height-default elementor-section-height-default\" data-id=\"d2a6025\" data-element_type=\"section\" data-e-type=\"section\">\n\t\t\t\t\t\t<div class=\"elementor-container elementor-column-gap-default\">\n\t\t\t\t\t<div class=\"elementor-column elementor-col-100 elementor-top-column elementor-element elementor-element-0809ab4\" data-id=\"0809ab4\" data-element_type=\"column\" data-e-type=\"column\">\n\t\t\t<div class=\"elementor-widget-wrap elementor-element-populated\">\n\t\t\t\t\t\t<div class=\"elementor-element elementor-element-f38dd25 elementor-alert-warning elementor-widget elementor-widget-alert\" data-id=\"f38dd25\" data-element_type=\"widget\" data-e-type=\"widget\" data-widget_type=\"alert.default\">\n\t\t\t\t<div class=\"elementor-widget-container\">\n\t\t\t\t\t\t\t<div class=\"elementor-alert\" role=\"alert\">\n\n\t\t\t\t\t\t<span class=\"elementor-alert-title\">ATEN\u00c7\u00c3O<\/span>\n\t\t\t\n\t\t\t\t\t\t<span class=\"elementor-alert-description\">CERTIFIQUE-SE DE PRESTAR TODAS AS INFORMA\u00c7\u00d5ES DE MANEIRA CORRETA. CANDIDATOS QUE INFRINGIREM AS REGRAS, SER\u00c3O DESCLASSIFICADOS DO(S) CERTAME(S).<\/span>\n\t\t\t\n\t\t\t\n\t\t<\/div>\n\t\t\t\t\t\t<\/div>\n\t\t\t\t<\/div>\n\t\t\t\t\t<\/div>\n\t\t<\/div>\n\t\t\t\t\t<\/div>\n\t\t<\/section>\n\t\t\t\t<section class=\"elementor-section elementor-top-section elementor-element elementor-element-5c61154 elementor-section-boxed elementor-section-height-default elementor-section-height-default\" data-id=\"5c61154\" data-element_type=\"section\" data-e-type=\"section\">\n\t\t\t\t\t\t<div class=\"elementor-container elementor-column-gap-default\">\n\t\t\t\t\t<div class=\"elementor-column elementor-col-100 elementor-top-column elementor-element elementor-element-d7e2ee1\" data-id=\"d7e2ee1\" data-element_type=\"column\" data-e-type=\"column\">\n\t\t\t<div class=\"elementor-widget-wrap elementor-element-populated\">\n\t\t\t\t\t\t<div class=\"elementor-element elementor-element-7e2759e elementor-tabs-view-horizontal elementor-widget elementor-widget-tabs\" data-id=\"7e2759e\" data-element_type=\"widget\" data-e-type=\"widget\" data-widget_type=\"tabs.default\">\n\t\t\t\t<div class=\"elementor-widget-container\">\n\t\t\t\t\t\t\t<div class=\"elementor-tabs\">\n\t\t\t<div class=\"elementor-tabs-wrapper\" role=\"tablist\" >\n\t\t\t\t\t\t\t\t\t<div id=\"elementor-tab-title-1321\" class=\"elementor-tab-title elementor-tab-desktop-title\" aria-selected=\"true\" data-tab=\"1\" role=\"tab\" tabindex=\"0\" aria-controls=\"elementor-tab-content-1321\" aria-expanded=\"false\">SELE\u00c7\u00d5ES EM ANDAMENTO<\/div>\n\t\t\t\t\t\t\t\t\t<div id=\"elementor-tab-title-1322\" class=\"elementor-tab-title elementor-tab-desktop-title\" aria-selected=\"false\" data-tab=\"2\" role=\"tab\" tabindex=\"-1\" aria-controls=\"elementor-tab-content-1322\" aria-expanded=\"false\">SELE\u00c7\u00d5ES COM INSCRI\u00c7\u00d5ES ENCERRADAS<\/div>\n\t\t\t\t\t\t\t\t\t<div id=\"elementor-tab-title-1323\" class=\"elementor-tab-title elementor-tab-desktop-title\" aria-selected=\"false\" data-tab=\"3\" role=\"tab\" tabindex=\"-1\" aria-controls=\"elementor-tab-content-1323\" aria-expanded=\"false\">MINICURSOS E OFICINAS<\/div>\n\t\t\t\t\t\t\t\t\t<div id=\"elementor-tab-title-1324\" class=\"elementor-tab-title elementor-tab-desktop-title\" aria-selected=\"false\" data-tab=\"4\" role=\"tab\" tabindex=\"-1\" aria-controls=\"elementor-tab-content-1324\" aria-expanded=\"false\">OUTROS<\/div>\n\t\t\t\t\t\t\t<\/div>\n\t\t\t<div class=\"elementor-tabs-content-wrapper\" role=\"tablist\" aria-orientation=\"vertical\">\n\t\t\t\t\t\t\t\t\t<div class=\"elementor-tab-title elementor-tab-mobile-title\" aria-selected=\"true\" data-tab=\"1\" role=\"tab\" tabindex=\"0\" aria-controls=\"elementor-tab-content-1321\" aria-expanded=\"false\">SELE\u00c7\u00d5ES EM ANDAMENTO<\/div>\n\t\t\t\t\t<div id=\"elementor-tab-content-1321\" class=\"elementor-tab-content elementor-clearfix\" data-tab=\"1\" role=\"tabpanel\" aria-labelledby=\"elementor-tab-title-1321\" tabindex=\"0\" hidden=\"false\"><p><a href=\"https:\/\/selecoes.epistemeonline.com\/index.php\/pss-diretor-escolar-diretor-escolar-adjunto-e-coordenador-pedagogico-sao-sebastiao-al\/\"><strong>PROCESSO SELETIVO PARA DIRETOR ESCOLAR, DIRETOR ESCOLAR ADJUNTO E COORDENADOR PEDAG\u00d3GICO DA REDE P\u00daBLICA MUNICIPAL DE S\u00c3O SEBASTI\u00c3O\/AL<\/strong><\/a><\/p><\/div>\n\t\t\t\t\t\t\t\t\t<div class=\"elementor-tab-title elementor-tab-mobile-title\" aria-selected=\"false\" data-tab=\"2\" role=\"tab\" tabindex=\"-1\" aria-controls=\"elementor-tab-content-1322\" aria-expanded=\"false\">SELE\u00c7\u00d5ES COM INSCRI\u00c7\u00d5ES ENCERRADAS<\/div>\n\t\t\t\t\t<div id=\"elementor-tab-content-1322\" class=\"elementor-tab-content elementor-clearfix\" data-tab=\"2\" role=\"tabpanel\" aria-labelledby=\"elementor-tab-title-1322\" tabindex=\"0\" hidden=\"hidden\"><p><a style=\"background-color: #ffffff; font-family: var( --e-global-typography-text-font-family ), Sans-serif; font-weight: var( --e-global-typography-text-font-weight ); font-size: 1rem;\" href=\"https:\/\/selecoes.epistemeonline.com\/index.php\/orientacaobocadamata\/\" target=\"_blank\" rel=\"noopener\"><span style=\"font-weight: bold;\">INSCRI\u00c7\u00c3O PARA ORIENTA\u00c7\u00c3O SOBRE EDUCA\u00c7\u00c3O INTEGRAL &#8211; BOCA DA MATA\/AL<\/span><\/a><\/p><p><a style=\"background-color: #ffffff; color: #000000; outline: 0px; font-family: var( --e-global-typography-text-font-family ), Sans-serif; font-size: 1rem;\" href=\"https:\/\/selecoes.epistemeonline.com\/index.php\/curso-cme-maravilha\/\" target=\"_blank\" rel=\"noopener\"><span style=\"font-weight: bold;\">CURSO DE QUALIFICA\u00c7\u00c3O DO CME &#8211;\u00a0<\/span><\/a><a style=\"background-color: #ffffff; font-family: var( --e-global-typography-text-font-family ), Sans-serif; font-size: 1rem;\" href=\"https:\/\/selecoes.epistemeonline.com\/index.php\/curso-cme-maravilha\/\" target=\"_blank\" rel=\"noopener\"><span style=\"font-weight: bold;\">MARAVILHA\/AL<\/span><\/a><span style=\"font-family: var( --e-global-typography-text-font-family ), Sans-serif; font-weight: var( --e-global-typography-text-font-weight ); font-size: 1rem;\">\u00a0<\/span><\/p><p><a style=\"font-family: var( --e-global-typography-text-font-family ), Sans-serif; background-color: #ffffff; font-size: 1rem;\" href=\"https:\/\/selecoes.epistemeonline.com\/index.php\/pss-para-habilitar-diretores-gerais-diretores-adjuntos-e-coordenadores-pedagogicos-semed-de-campo-alegre-al\/\" target=\"_blank\" rel=\"noopener\"><b>PROCESSO SELETIVO PARA GESTOR ESCOLAR E COORDENADOR PEDAG\u00d3GICO &#8211; CAMPO ALEGRE\/AL<\/b><\/a><\/p><p><a style=\"font-family: var( --e-global-typography-text-font-family ), Sans-serif; font-weight: var( --e-global-typography-text-font-weight ); font-size: 1rem; background-color: #ffffff;\" href=\"https:\/\/selecoes.epistemeonline.com\/index.php\/processo-seletivo-para-gestao-escolar-de-sao-sebastiao-al\/\" target=\"_blank\" rel=\"noopener\"><b>PROCESSO SELETIVO GESTOR ESCOLAR &#8211; S\u00c3O SEBASTI\u00c3O\/AL<\/b><\/a><\/p><p><a style=\"font-family: var( --e-global-typography-text-font-family ), Sans-serif; font-weight: var( --e-global-typography-text-font-weight ); background-color: #ffffff; font-size: 1rem;\" href=\"http:\/\/selecoes.epistemeonline.com\/index.php\/http-selecoes-epistemeonline-com\/\" target=\"_blank\" rel=\"noopener\"><span style=\"font-weight: bold;\">PROCESSO<\/span><span style=\"font-weight: bold;\">\u00a0SELETIVO GESTOR ESCOLAR &#8211; CARNEIROS\/AL<\/span><\/a><\/p><p><a style=\"background-color: #ffffff; font-family: var( --e-global-typography-text-font-family ), Sans-serif; font-size: 1rem;\" href=\"http:\/\/selecoes.epistemeonline.com\/index.php\/gestaoescolargp\/\" target=\"_blank\" rel=\"noopener\"><span style=\"font-weight: bold;\">PROCESSO SELETIVO GESTOR ESCOLAR &#8211; GIRAU DO PONCIANO\/AL<\/span><\/a><\/p><p><span style=\"font-weight: bold; font-family: var( --e-global-typography-text-font-family ), Sans-serif; font-size: 1rem;\"><i><a href=\"http:\/\/selecoes.epistemeonline.com\/index.php\/gestaoescolarbm\/\">PROCESSO SELETIVO GESTOR ESCOLAR &#8211; BOCA DA MATA\/AL<\/a><\/i><\/span><\/p><p><a style=\"background-color: #ffffff; font-family: var( --e-global-typography-text-font-family ), Sans-serif; font-size: 1rem;\" href=\"http:\/\/selecoes.epistemeonline.com\/index.php\/gestaoescolarmaravilha\/\" target=\"_blank\" rel=\"noopener\"><span style=\"font-weight: bold;\"><i>INSCRI\u00c7\u00c3O PARA O CURSO DE GEST\u00c3O ESCOLAR &#8211; MARAVILHA\/AL<\/i><\/span><\/a><\/p><p><a href=\"http:\/\/selecoes.epistemeonline.com\/index.php\/gestaoescolaribateguara\/\" target=\"_blank\" rel=\"noopener\"><span style=\"font-weight: bold;\">PROCESSO SELETIVO GESTOR ESCOLAR &#8211; IBATEGUARA\/AL<\/span><\/a><\/p><p><span style=\"font-weight: bold;\"><a href=\"https:\/\/selecoes.epistemeonline.com\/index.php\/plano-de-gestao\/\" target=\"_blank\" rel=\"noopener\">PLANO DE GEST\u00c3O DE S\u00c3O BR\u00c1S\/AL<\/a><\/span><\/p><p><span style=\"font-weight: bold;\"><a href=\"https:\/\/selecoes.epistemeonline.com\/index.php\/colonia-de-leopoldina\/\">PROCESSO\u00a0SELETIVO GESTOR ESCOLAR &#8211; COL\u00d4NIA DE LEOPOLDINA\/AL<\/a><\/span><\/p><p><a style=\"background-color: #ffffff;\" href=\"http:\/\/selecoes.epistemeonline.com\/index.php\/processo-seletivo-de-sao-bras\/\" target=\"_blank\" rel=\"noopener\"><span style=\"font-weight: bold;\">PROCESSO SELETIVO GESTOR ESCOLAR &#8211; S\u00c3O BR\u00c1S\/AL<\/span><\/a><\/p><p><a style=\"background-color: #ffffff;\" href=\"https:\/\/selecoes.epistemeonline.com\/index.php\/inscricao-prodema\/\"><span style=\"font-weight: bold;\">INSCRI\u00c7\u00c3O<\/span><span style=\"font-weight: bold;\">\u00a0NO CURSO DE FINANCIAMENTO DA EDUCA\u00c7\u00c3O E FUNDAMENTA\u00c7\u00c3O DE PROCESSOS ADMINISTRATIVO<\/span><\/a><\/p><p><span style=\"font-weight: bold; font-family: var( --e-global-typography-text-font-family ), Sans-serif; font-size: 1rem;\"><a href=\"https:\/\/selecoes.epistemeonline.com\/index.php\/premioprofessorsrp-2\/\">PR\u00caMIO PROFESSOR DESTAQUE 2023 &#8211; SENADOR RUI PALMEIRA \/ AL<\/a><\/span><\/p><p><span style=\"font-weight: bold;\"><a style=\"background-color: #ffffff; font-family: var( --e-global-typography-text-font-family ), Sans-serif; font-size: 1rem;\" href=\"https:\/\/selecoes.epistemeonline.com\/index.php\/pssmurici2023\/\" target=\"_blank\" rel=\"noopener\">PROCESSO\u00a0SELETIVO GESTOR ESCOLAR \u2013 MURICI\/AL<\/a>\u00a0[ENCERRADAS]<\/span><\/p><p><span style=\"font-weight: bold; font-family: var( --e-global-typography-text-font-family ), Sans-serif; font-size: 1rem;\"><a href=\"https:\/\/selecoes.epistemeonline.com\/index.php\/premioprofessorsrp-2\/\">PR\u00caMIO PROFESSOR DESTAQUE 2023 &#8211; SENADOR RUI PALMEIRA \/ AL<\/a><\/span><\/p><p><a style=\"background-color: #ffffff; font-family: var( --e-global-typography-text-font-family ), Sans-serif; font-size: 1rem; font-weight: var( --e-global-typography-text-font-weight );\" href=\"https:\/\/selecoes.epistemeonline.com\/index.php\/gestorparipueira\/\" target=\"_blank\" rel=\"noopener\"><span style=\"font-weight: bold;\">PROCESSO DE ESCOLHA DO GESTOR ESCOLAR DE PARIPUEIRA\/AL\u00a0<\/span><\/a>&#8211; INSCRI\u00c7\u00d5ES ENCERRADAS<\/p><p><a style=\"background-color: #ffffff;\" href=\"https:\/\/selecoes.epistemeonline.com\/index.php\/pss-piacabucu-al\/\" target=\"_blank\" rel=\"noopener\"><span style=\"font-weight: bold;\">PROCESSOS SELETIVO INTERNO PARA GESTOR ESCOLAR DE PIA\u00c7ABU\u00c7U\/AL<\/span><\/a>\u00a0&#8211; INSCRI\u00c7\u00d5ES ENCERRADAS<\/p><p><span style=\"font-weight: bold;\"><a style=\"background-color: #ffffff; color: #000000; outline: 0px; font-family: var( --e-global-typography-text-font-family ), Sans-serif; font-size: 1rem;\" href=\"https:\/\/selecoes.epistemeonline.com\/index.php\/4595-2\/\" target=\"_blank\" rel=\"noopener\">PROCESSO SELETIVO PARA ESCOLHA<\/a><a style=\"background-color: #ffffff; font-family: var( --e-global-typography-text-font-family ), Sans-serif; font-size: 1rem;\" href=\"https:\/\/selecoes.epistemeonline.com\/index.php\/4595-2\/\" target=\"_blank\" rel=\"noopener\">\u00a0DO GESTOR<\/a><\/span>\u00a0<span style=\"font-weight: bold;\"><a style=\"background-color: #ffffff; font-family: var( --e-global-typography-text-font-family ), Sans-serif; font-size: 1rem;\" href=\"https:\/\/selecoes.epistemeonline.com\/index.php\/4595-2\/\" target=\"_blank\" rel=\"noopener\">ESCOLAR DE CAMPO GRANDE E OLHO D&#8217;AGUA GRANDE\/ AL &#8211; INSCRI\u00c7\u00d5ES E<\/a>NCERRADAS<\/span><\/p><p><a href=\"https:\/\/selecoes.epistemeonline.com\/index.php\/barra-de-sao-miguel\/\" target=\"_blank\" rel=\"noopener\"><span style=\"font-weight: bold;\">PROCESSO SELETIVO PARA ESCOLAR DE GESTOR ESCOLAR BARRA DE S\u00c3O MIGUEL\/ AL &#8211;\u00a0<\/span><\/a>INSCRI\u00c7\u00d5ES ENCERRADAS<\/p><p><a style=\"background-color: #ffffff; font-family: var( --e-global-typography-text-font-family ), Sans-serif; font-size: 1rem;\" href=\"https:\/\/selecoes.epistemeonline.com\/index.php\/psssaosebastiao20241\/\" target=\"_blank\" rel=\"noopener\"><span style=\"font-weight: bold;\">PROCESSO SELETIVO S\u00c3O SEBASTI\u00c3O\/AL<\/span><\/a><span style=\"font-family: var( --e-global-typography-text-font-family ), Sans-serif; font-size: 1rem; font-weight: var( --e-global-typography-text-font-weight );\">\u00a0&#8211; INSCRI\u00c7\u00d5ES ENCERRADAS<\/span><\/p><p><a style=\"background-color: #ffffff; font-family: var( --e-global-typography-text-font-family ), Sans-serif; font-size: 1rem; font-weight: bold;\" href=\"https:\/\/selecoes.epistemeonline.com\/index.php\/premioprofessorsrp-2\/\">PR\u00caMIO PROFESSOR DESTAQUE 2023 &#8211; SENADOR RUI PALMEIRA \/ AL<\/a><span style=\"font-family: var( --e-global-typography-text-font-family ), Sans-serif; font-size: 1rem; font-weight: var( --e-global-typography-text-font-weight );\">\u00a0&#8211; RESULTADO DOS CANDIDATOS SELECIONADOS<\/span><\/p><p><span style=\"font-weight: bold; font-family: var( --e-global-typography-text-font-family ), Sans-serif; font-size: 1rem;\"><a href=\"https:\/\/selecoes.epistemeonline.com\/index.php\/oficina-pdde-srp\/\">OFICINA PDDE &#8211; SENADOR RUI PALMEIRA\/AL<\/a><\/span><span style=\"font-family: var( --e-global-typography-text-font-family ), Sans-serif; font-weight: var( --e-global-typography-text-font-weight ); font-size: 1rem;\">\u00a0&#8211; Inscri\u00e7\u00f5es Encerradas<\/span><\/p><p><a style=\"background-color: #ffffff; font-family: var( --e-global-typography-text-font-family ), Sans-serif; font-size: 1rem;\" href=\"https:\/\/selecoes.epistemeonline.com\/index.php\/inscricao-simposio-maravilha-al\/\" target=\"_blank\" rel=\"noopener\"><span style=\"font-weight: bold;\">INSCRI\u00c7\u00c3O SIMP\u00d3SIO: EDUCA\u00c7\u00c3O QUE TRANSFORMA MARAVILHA<\/span><\/a>\u00a0&#8211; Inscri\u00e7\u00f5es encerradas<\/p><p><a style=\"font-family: var( --e-global-typography-text-font-family ), Sans-serif; font-weight: var( --e-global-typography-text-font-weight ); background-color: #ffffff; font-size: 1rem;\" href=\"https:\/\/selecoes.epistemeonline.com\/index.php\/psscampoalegre\/\"><strong>PROCESSO SELETIVO PARA GESTOR ESCOLAR E COORDENADOR PEDAG\u00d3GICO DA REDE P\u00daBLICA MUNICIPAL DE CAMPO<\/strong> <strong>ALEGRE\/AL<\/strong><\/a><\/p><p><a href=\"https:\/\/selecoes.epistemeonline.com\/index.php\/pss-teotonio-vilela\/\"><strong>PROCESSO SELETIVO PARA PROFESSOR, DIRETOR, DIRETOR ADJUNTO E COORDENADOR PEDAG\u00d3GICO DA REDE P\u00daBLICA MUNICIPAL DE TEOT\u00d4NIO VILELA<\/strong><strong>\/AL<\/strong><\/a><\/p><p><a href=\"https:\/\/selecoes.epistemeonline.com\/index.php\/planejamento-ibateguara\/\" target=\"_blank\" rel=\"noopener\"><b>PLANEJAMENTO ESTRAT\u00c9GICO IBATEGUARA &#8211; ALAGOAS<\/b><\/a><\/p><p><a href=\"https:\/\/selecoes.epistemeonline.com\/index.php\/pss-diretor-e-vice-diretor-escolar-colonia-leopoldina-al\/\"><strong>PROCESSO SELETIVO PARA GESTOR ESCOLAR (DIRETOR E VICE-DIRETOR) DA REDE P\u00daBLICA MUNICIPAL DE COL\u00d4NIA LEOPOLDINA\/AL<\/strong><\/a><\/p><p><a href=\"https:\/\/selecoes.epistemeonline.com\/index.php\/pss-diretor-escolar-e-diretor-escolar-adjunto-girau-do-ponciano-al\/\"><strong>PROCESSO SELETIVO PARA DIRETOR ESCOLAR E DIRETOR ESCOLAR ADJUNTO DA REDE P\u00daBLICA MUNICIPAL DE GIRAU DO PONCIANO\/AL<\/strong><\/a><\/p><p><a href=\"https:\/\/selecoes.epistemeonline.com\/index.php\/pss-diretor-escolar-e-diretor-escolar-adjunto-boca-da-mata-al\/\"><strong>PROCESSO SELETIVO PARA DIRETOR ESCOLAR E DIRETOR ESCOLAR ADJUNTO DA REDE P\u00daBLICA MUNICIPAL DE BOCA DA MATA\/AL<\/strong><\/a><\/p><p><a href=\"https:\/\/selecoes.epistemeonline.com\/index.php\/pss-diretor-escolar-e-diretor-escolar-adjunto-carneiros-al\/\"><strong>PROCESSO SELETIVO PARA DIRETOR ESCOLAR E DIRETOR ESCOLAR ADJUNTO DA REDE P\u00daBLICA MUNICIPAL DE CARNEIROS\/AL<\/strong><\/a><\/p><p><a href=\"https:\/\/selecoes.epistemeonline.com\/index.php\/pss-diretor-escolar-e-diretor-escolar-adjunto-piacabucu-al\/\"><strong>PROCESSO SELETIVO PARA DIRETOR ESCOLAR E DIRETOR ESCOLAR ADJUNTO DA REDE P\u00daBLICA MUNICIPAL DE PIA\u00c7ABU\u00c7U\/AL<\/strong><\/a><\/p><p><a href=\"https:\/\/selecoes.epistemeonline.com\/index.php\/pss-diretor-escolar-e-diretor-escolar-adjunto-ibateguara-al\/\"><strong>PROCESSO SELETIVO PARA DIRETOR ESCOLAR E DIRETOR ESCOLAR ADJUNTO DA REDE P\u00daBLICA MUNICIPAL DE IBATEGUARA\/AL<\/strong><\/a><\/p><\/div>\n\t\t\t\t\t\t\t\t\t<div class=\"elementor-tab-title elementor-tab-mobile-title\" aria-selected=\"false\" data-tab=\"3\" role=\"tab\" tabindex=\"-1\" aria-controls=\"elementor-tab-content-1323\" aria-expanded=\"false\">MINICURSOS E OFICINAS<\/div>\n\t\t\t\t\t<div id=\"elementor-tab-content-1323\" class=\"elementor-tab-content elementor-clearfix\" data-tab=\"3\" role=\"tabpanel\" aria-labelledby=\"elementor-tab-title-1323\" tabindex=\"0\" hidden=\"hidden\"><\/div>\n\t\t\t\t\t\t\t\t\t<div class=\"elementor-tab-title elementor-tab-mobile-title\" aria-selected=\"false\" data-tab=\"4\" role=\"tab\" tabindex=\"-1\" aria-controls=\"elementor-tab-content-1324\" aria-expanded=\"false\">OUTROS<\/div>\n\t\t\t\t\t<div id=\"elementor-tab-content-1324\" class=\"elementor-tab-content elementor-clearfix\" data-tab=\"4\" role=\"tabpanel\" aria-labelledby=\"elementor-tab-title-1324\" tabindex=\"0\" hidden=\"hidden\"><\/div>\n\t\t\t\t\t\t\t<\/div>\n\t\t<\/div>\n\t\t\t\t\t\t<\/div>\n\t\t\t\t<\/div>\n\t\t\t\t\t<\/div>\n\t\t<\/div>\n\t\t\t\t\t<\/div>\n\t\t<\/section>\n\t\t\t\t<\/div>\n\t\t","protected":false},"excerpt":{"rendered":"<p>CONCURSOS E SELE\u00c7\u00d5ES ATEN\u00c7\u00c3O CERTIFIQUE-SE DE PRESTAR TODAS AS INFORMA\u00c7\u00d5ES DE MANEIRA CORRETA. CANDIDATOS QUE INFRINGIREM AS REGRAS, SER\u00c3O DESCLASSIFICADOS DO(S) CERTAME(S). SELE\u00c7\u00d5ES EM ANDAMENTO SELE\u00c7\u00d5ES COM INSCRI\u00c7\u00d5ES ENCERRADAS MINICURSOS E OFICINAS OUTROS SELE\u00c7\u00d5ES EM ANDAMENTO PROCESSO SELETIVO PARA DIRETOR ESCOLAR, DIRETOR ESCOLAR ADJUNTO E COORDENADOR PEDAG\u00d3GICO DA REDE P\u00daBLICA MUNICIPAL DE S\u00c3O SEBASTI\u00c3O\/AL SELE\u00c7\u00d5ES &hellip; <\/p>\n<p class=\"link-more\"><a href=\"https:\/\/selecoes.epistemeonline.com\/\" class=\"more-link\">Continue lendo<span class=\"screen-reader-text\"> &#8220;P\u00e1gina Inicial&#8221;<\/span><\/a><\/p>\n","protected":false},"author":1,"featured_media":0,"parent":0,"menu_order":0,"comment_status":"closed","ping_status":"closed","template":"elementor_header_footer","meta":{"footnotes":""},"class_list":["post-50","page","type-page","status-publish","hentry"],"_links":{"self":[{"href":"https:\/\/selecoes.epistemeonline.com\/index.php\/wp-json\/wp\/v2\/pages\/50","targetHints":{"allow":["GET"]}}],"collection":[{"href":"https:\/\/selecoes.epistemeonline.com\/index.php\/wp-json\/wp\/v2\/pages"}],"about":[{"href":"https:\/\/selecoes.epistemeonline.com\/index.php\/wp-json\/wp\/v2\/types\/page"}],"author":[{"embeddable":true,"href":"https:\/\/selecoes.epistemeonline.com\/index.php\/wp-json\/wp\/v2\/users\/1"}],"replies":[{"embeddable":true,"href":"https:\/\/selecoes.epistemeonline.com\/index.php\/wp-json\/wp\/v2\/comments?post=50"}],"version-history":[{"count":441,"href":"https:\/\/selecoes.epistemeonline.com\/index.php\/wp-json\/wp\/v2\/pages\/50\/revisions"}],"predecessor-version":[{"id":6619,"href":"https:\/\/selecoes.epistemeonline.com\/index.php\/wp-json\/wp\/v2\/pages\/50\/revisions\/6619"}],"wp:attachment":[{"href":"https:\/\/selecoes.epistemeonline.com\/index.php\/wp-json\/wp\/v2\/media?parent=50"}],"curies":[{"name":"wp","href":"https:\/\/api.w.org\/{rel}","templated":true}]}}