{"id":5723,"date":"2025-01-13T00:48:06","date_gmt":"2025-01-13T03:48:06","guid":{"rendered":"https:\/\/selecoes.epistemeonline.com\/?page_id=5723"},"modified":"2025-01-13T00:50:48","modified_gmt":"2025-01-13T03:50:48","slug":"planejamento-ibateguara","status":"publish","type":"page","link":"https:\/\/selecoes.epistemeonline.com\/index.php\/planejamento-ibateguara\/","title":{"rendered":"PLANEJAMENTO IBATEGUARA"},"content":{"rendered":"<div class=\"wpforms-container wpforms-container-full\" id=\"wpforms-5722\"><form id=\"wpforms-form-5722\" class=\"wpforms-validate wpforms-form\" data-formid=\"5722\" method=\"post\" enctype=\"multipart\/form-data\" action=\"\/index.php\/wp-json\/wp\/v2\/pages\/5723\" data-token=\"926f57a4d572acef5996da571db03df5\"><noscript class=\"wpforms-error-noscript\">Ative o JavaScript no seu navegador para preencher este formul\u00e1rio.<\/noscript><div class=\"wpforms-field-container\"><div id=\"wpforms-5722-field_1-container\" class=\"wpforms-field wpforms-field-text\" data-field-id=\"1\"><label class=\"wpforms-field-label\" for=\"wpforms-5722-field_1\">NOME COMPLETO <span class=\"wpforms-required-label\">*<\/span><\/label><input type=\"text\" id=\"wpforms-5722-field_1\" class=\"wpforms-field-medium wpforms-field-required\" name=\"wpforms[fields][1]\" required><\/div><div id=\"wpforms-5722-field_2-container\" class=\"wpforms-field wpforms-field-text\" data-field-id=\"2\"><label class=\"wpforms-field-label\" for=\"wpforms-5722-field_2\">CPF <span class=\"wpforms-required-label\">*<\/span><\/label><input type=\"text\" id=\"wpforms-5722-field_2\" class=\"wpforms-field-medium wpforms-field-required\" name=\"wpforms[fields][2]\" required><\/div><div id=\"wpforms-5722-field_3-container\" class=\"wpforms-field wpforms-field-text\" data-field-id=\"3\"><label class=\"wpforms-field-label\" for=\"wpforms-5722-field_3\">TELEFONE <span class=\"wpforms-required-label\">*<\/span><\/label><input type=\"text\" id=\"wpforms-5722-field_3\" class=\"wpforms-field-medium wpforms-field-required\" name=\"wpforms[fields][3]\" required><div class=\"wpforms-field-description\">Ex: 82 9xxxx.xxxx<\/div><\/div><div id=\"wpforms-5722-field_4-container\" class=\"wpforms-field wpforms-field-email\" data-field-id=\"4\"><label class=\"wpforms-field-label\" for=\"wpforms-5722-field_4\">E-mail <span class=\"wpforms-required-label\">*<\/span><\/label><div class=\"wpforms-field-row wpforms-field-medium\"><div class=\"wpforms-field-row-block wpforms-one-half wpforms-first\"><input type=\"email\" id=\"wpforms-5722-field_4\" class=\"wpforms-field-required wpforms-field-email-primary\" name=\"wpforms[fields][4][primary]\" required><label for=\"wpforms-5722-field_4\" class=\"wpforms-field-sublabel after \">E-mail<\/label><\/div><div class=\"wpforms-field-row-block wpforms-one-half\"><input type=\"email\" id=\"wpforms-5722-field_4-secondary\" class=\"wpforms-field-email-secondary wpforms-field-required\" data-rule-confirm=\"#wpforms-5722-field_4\" name=\"wpforms[fields][4][secondary]\" required><label for=\"wpforms-5722-field_4-secondary\" class=\"wpforms-field-sublabel after \">Confirmar e-mail<\/label><\/div><\/div><\/div><div id=\"wpforms-5722-field_5-container\" class=\"wpforms-field wpforms-field-text\" data-field-id=\"5\"><label class=\"wpforms-field-label\" for=\"wpforms-5722-field_5\">\u00c1REA DE ATUA\u00c7\u00c3O NA SEMED <span class=\"wpforms-required-label\">*<\/span><\/label><input type=\"text\" id=\"wpforms-5722-field_5\" class=\"wpforms-field-medium wpforms-field-required\" name=\"wpforms[fields][5]\" required><\/div><\/div><div class=\"wpforms-submit-container\" ><input type=\"hidden\" name=\"wpforms[id]\" value=\"5722\"><input type=\"hidden\" name=\"wpforms[author]\" value=\"2\"><button type=\"submit\" name=\"wpforms[submit]\" class=\"wpforms-submit \" id=\"wpforms-submit-5722\" value=\"wpforms-submit\" aria-live=\"assertive\" data-alt-text=\"Enviando\u2026\" data-submit-text=\"Submit\">Submit<\/button><\/div><\/form><\/div>  <!-- .wpforms-container -->","protected":false},"excerpt":{"rendered":"","protected":false},"author":2,"featured_media":0,"parent":0,"menu_order":0,"comment_status":"closed","ping_status":"closed","template":"","meta":{"footnotes":""},"class_list":["post-5723","page","type-page","status-publish","hentry"],"_links":{"self":[{"href":"https:\/\/selecoes.epistemeonline.com\/index.php\/wp-json\/wp\/v2\/pages\/5723","targetHints":{"allow":["GET"]}}],"collection":[{"href":"https:\/\/selecoes.epistemeonline.com\/index.php\/wp-json\/wp\/v2\/pages"}],"about":[{"href":"https:\/\/selecoes.epistemeonline.com\/index.php\/wp-json\/wp\/v2\/types\/page"}],"author":[{"embeddable":true,"href":"https:\/\/selecoes.epistemeonline.com\/index.php\/wp-json\/wp\/v2\/users\/2"}],"replies":[{"embeddable":true,"href":"https:\/\/selecoes.epistemeonline.com\/index.php\/wp-json\/wp\/v2\/comments?post=5723"}],"version-history":[{"count":1,"href":"https:\/\/selecoes.epistemeonline.com\/index.php\/wp-json\/wp\/v2\/pages\/5723\/revisions"}],"predecessor-version":[{"id":5724,"href":"https:\/\/selecoes.epistemeonline.com\/index.php\/wp-json\/wp\/v2\/pages\/5723\/revisions\/5724"}],"wp:attachment":[{"href":"https:\/\/selecoes.epistemeonline.com\/index.php\/wp-json\/wp\/v2\/media?parent=5723"}],"curies":[{"name":"wp","href":"https:\/\/api.w.org\/{rel}","templated":true}]}}