{"id":881,"date":"2021-03-03T19:22:19","date_gmt":"2021-03-03T22:22:19","guid":{"rendered":"http:\/\/selecoes.epistemeonline.com\/?page_id=881"},"modified":"2021-04-06T22:53:32","modified_gmt":"2021-04-07T01:53:32","slug":"pssca022021","status":"publish","type":"page","link":"https:\/\/selecoes.epistemeonline.com\/index.php\/pssca022021\/","title":{"rendered":"PROCESSO SELETIVO SIMPLIFICADO SEMED N\u00ba 02\/2021"},"content":{"rendered":"\t\t<div data-elementor-type=\"wp-page\" data-elementor-id=\"881\" class=\"elementor elementor-881\">\n\t\t\t\t\t\t<section class=\"elementor-section elementor-top-section elementor-element elementor-element-b61c198 elementor-section-boxed elementor-section-height-default elementor-section-height-default\" data-id=\"b61c198\" data-element_type=\"section\" data-e-type=\"section\">\n\t\t\t\t\t\t<div class=\"elementor-container elementor-column-gap-default\">\n\t\t\t\t\t<div class=\"elementor-column elementor-col-100 elementor-top-column elementor-element elementor-element-3ee6b68\" data-id=\"3ee6b68\" data-element_type=\"column\" data-e-type=\"column\">\n\t\t\t<div class=\"elementor-widget-wrap elementor-element-populated\">\n\t\t\t\t\t\t<div class=\"elementor-element elementor-element-37c47b1 elementor-widget elementor-widget-image\" data-id=\"37c47b1\" data-element_type=\"widget\" data-e-type=\"widget\" data-widget_type=\"image.default\">\n\t\t\t\t<div class=\"elementor-widget-container\">\n\t\t\t\t\t\t\t\t\t\t\t\t\t\t\t<img decoding=\"async\" width=\"236\" height=\"127\" src=\"https:\/\/selecoes.epistemeonline.com\/wp-content\/uploads\/2021\/03\/campo-alegre-logo-nova.png\" class=\"attachment-large size-large wp-image-887\" alt=\"\" sizes=\"100vw\" \/>\t\t\t\t\t\t\t\t\t\t\t\t\t\t\t<\/div>\n\t\t\t\t<\/div>\n\t\t\t\t<div class=\"elementor-element elementor-element-2ff1634 elementor-widget elementor-widget-heading\" data-id=\"2ff1634\" data-element_type=\"widget\" data-e-type=\"widget\" data-widget_type=\"heading.default\">\n\t\t\t\t<div class=\"elementor-widget-container\">\n\t\t\t\t\t<h2 class=\"elementor-heading-title elementor-size-default\">CAMPO ALEGRE\/AL - INSCRI\u00c7\u00c3O NO PROJETO M\u00c3ES QUE ACOLHEM<\/h2>\t\t\t\t<\/div>\n\t\t\t\t<\/div>\n\t\t\t\t\t<\/div>\n\t\t<\/div>\n\t\t\t\t\t<\/div>\n\t\t<\/section>\n\t\t\t\t<section class=\"elementor-section elementor-top-section elementor-element elementor-element-d37fd38 elementor-section-boxed elementor-section-height-default elementor-section-height-default\" data-id=\"d37fd38\" data-element_type=\"section\" data-e-type=\"section\">\n\t\t\t\t\t\t<div class=\"elementor-container elementor-column-gap-default\">\n\t\t\t\t\t<div class=\"elementor-column elementor-col-100 elementor-top-column elementor-element elementor-element-cffa1c6\" data-id=\"cffa1c6\" data-element_type=\"column\" data-e-type=\"column\">\n\t\t\t<div class=\"elementor-widget-wrap elementor-element-populated\">\n\t\t\t\t\t\t\t<\/div>\n\t\t<\/div>\n\t\t\t\t\t<\/div>\n\t\t<\/section>\n\t\t\t\t<section class=\"elementor-section elementor-top-section elementor-element elementor-element-071ccfd elementor-section-boxed elementor-section-height-default elementor-section-height-default\" data-id=\"071ccfd\" data-element_type=\"section\" data-e-type=\"section\">\n\t\t\t\t\t\t<div class=\"elementor-container elementor-column-gap-default\">\n\t\t\t\t\t<div class=\"elementor-column elementor-col-100 elementor-top-column elementor-element elementor-element-bd1e0d2\" data-id=\"bd1e0d2\" data-element_type=\"column\" data-e-type=\"column\">\n\t\t\t<div class=\"elementor-widget-wrap elementor-element-populated\">\n\t\t\t\t\t\t<div class=\"elementor-element elementor-element-eeab4fe elementor-widget elementor-widget-text-editor\" data-id=\"eeab4fe\" data-element_type=\"widget\" data-e-type=\"widget\" data-widget_type=\"text-editor.default\">\n\t\t\t\t<div class=\"elementor-widget-container\">\n\t\t\t\t\t\t\t\t\t<h4>Para acessar o Edital, <a href=\"https:\/\/drive.google.com\/file\/d\/1zXk5LedvMf5QvgEq0oa-fNPiPSyahZCG\/view?usp=sharing\">CLIQUE AQUI!<\/a><\/h4><div><em>Para acessar o MODELO DA DECLARA\u00c7\u00c3O DE DISPONIBILIDADE DE HOR\u00c1RIO.doc,<\/em> <strong><a href=\"https:\/\/drive.google.com\/file\/d\/1PbPq8tewR2XP1oHMfZr_SMoRxknisjrN\/view?usp=sharing\">Clique aqui!<\/a><\/strong><\/div><div>\u00a0<\/div><div><em>Para acessar o MODELO DE DECLARA\u00c7\u00c3O DE N\u00c3O PENALIZA\u00c7\u00c3O ADMINISTRATIVA.doc<\/em>, <a href=\"https:\/\/drive.google.com\/file\/d\/1pVCDpHjlUkP_a2R3V7MXnyh-F3j_1OyE\/view?usp=sharing\"><strong>Clique aqui!<\/strong><\/a><\/div><div>\u00a0<\/div><div><em>Para acessar o MODELO DE CURR\u00cdCULO.doc<\/em>, <a href=\"https:\/\/drive.google.com\/file\/d\/1kJKPHVbjhq97Hz7T1At-hZ7ddN0RPDLe\/view?usp=sharing\"><strong>Clique aqui!<\/strong><\/a><\/div>\t\t\t\t\t\t\t\t<\/div>\n\t\t\t\t<\/div>\n\t\t\t\t<div class=\"elementor-element elementor-element-aa4e6d5 elementor-widget elementor-widget-image\" data-id=\"aa4e6d5\" data-element_type=\"widget\" data-e-type=\"widget\" data-widget_type=\"image.default\">\n\t\t\t\t<div class=\"elementor-widget-container\">\n\t\t\t\t\t\t\t\t\t\t\t\t\t\t\t<img fetchpriority=\"high\" decoding=\"async\" width=\"525\" height=\"288\" src=\"https:\/\/selecoes.epistemeonline.com\/wp-content\/uploads\/2021\/03\/nota.jpg\" class=\"attachment-large size-large wp-image-1324\" alt=\"\" srcset=\"https:\/\/selecoes.epistemeonline.com\/wp-content\/uploads\/2021\/03\/nota.jpg 957w, https:\/\/selecoes.epistemeonline.com\/wp-content\/uploads\/2021\/03\/nota-300x165.jpg 300w, https:\/\/selecoes.epistemeonline.com\/wp-content\/uploads\/2021\/03\/nota-768x421.jpg 768w\" sizes=\"100vw\" \/>\t\t\t\t\t\t\t\t\t\t\t\t\t\t\t<\/div>\n\t\t\t\t<\/div>\n\t\t\t\t\t<\/div>\n\t\t<\/div>\n\t\t\t\t\t<\/div>\n\t\t<\/section>\n\t\t\t\t<section class=\"elementor-section elementor-top-section elementor-element elementor-element-36bbefd elementor-section-boxed elementor-section-height-default elementor-section-height-default\" data-id=\"36bbefd\" data-element_type=\"section\" data-e-type=\"section\">\n\t\t\t\t\t\t<div class=\"elementor-container elementor-column-gap-default\">\n\t\t\t\t\t<div class=\"elementor-column elementor-col-100 elementor-top-column elementor-element elementor-element-3009db3\" data-id=\"3009db3\" data-element_type=\"column\" data-e-type=\"column\">\n\t\t\t<div class=\"elementor-widget-wrap elementor-element-populated\">\n\t\t\t\t\t\t<div class=\"elementor-element elementor-element-f37fa92 elementor-widget elementor-widget-heading\" data-id=\"f37fa92\" data-element_type=\"widget\" data-e-type=\"widget\" data-widget_type=\"heading.default\">\n\t\t\t\t<div class=\"elementor-widget-container\">\n\t\t\t\t\t<h2 class=\"elementor-heading-title elementor-size-default\">INSCRI\u00c7\u00d5ES ENCERRADAS \u00c0S 23:59, DO DIA 12\/03\/2021<\/h2>\t\t\t\t<\/div>\n\t\t\t\t<\/div>\n\t\t\t\t\t<\/div>\n\t\t<\/div>\n\t\t\t\t\t<\/div>\n\t\t<\/section>\n\t\t\t\t<section class=\"elementor-section elementor-top-section elementor-element elementor-element-1c536e0 elementor-section-boxed elementor-section-height-default elementor-section-height-default\" data-id=\"1c536e0\" data-element_type=\"section\" data-e-type=\"section\">\n\t\t\t\t\t\t<div class=\"elementor-container elementor-column-gap-default\">\n\t\t\t\t\t<div class=\"elementor-column elementor-col-100 elementor-top-column elementor-element elementor-element-86b1886\" data-id=\"86b1886\" data-element_type=\"column\" data-e-type=\"column\">\n\t\t\t<div class=\"elementor-widget-wrap elementor-element-populated\">\n\t\t\t\t\t\t<div class=\"elementor-element elementor-element-27503d7 elementor-widget elementor-widget-heading\" data-id=\"27503d7\" data-element_type=\"widget\" data-e-type=\"widget\" data-widget_type=\"heading.default\">\n\t\t\t\t<div class=\"elementor-widget-container\">\n\t\t\t\t\t<h2 class=\"elementor-heading-title elementor-size-default\">INSCRI\u00c7\u00d5ES HOMOLOGADAS<\/h2>\t\t\t\t<\/div>\n\t\t\t\t<\/div>\n\t\t\t\t\t<\/div>\n\t\t<\/div>\n\t\t\t\t\t<\/div>\n\t\t<\/section>\n\t\t\t\t<section class=\"elementor-section elementor-top-section elementor-element elementor-element-7a866e5 elementor-section-boxed elementor-section-height-default elementor-section-height-default\" data-id=\"7a866e5\" data-element_type=\"section\" data-e-type=\"section\">\n\t\t\t\t\t\t<div class=\"elementor-container elementor-column-gap-default\">\n\t\t\t\t\t<div class=\"elementor-column elementor-col-100 elementor-top-column elementor-element elementor-element-1f56275\" data-id=\"1f56275\" data-element_type=\"column\" data-e-type=\"column\">\n\t\t\t<div class=\"elementor-widget-wrap elementor-element-populated\">\n\t\t\t\t\t\t<div class=\"elementor-element elementor-element-b9030fb elementor-widget elementor-widget-text-editor\" data-id=\"b9030fb\" data-element_type=\"widget\" data-e-type=\"widget\" data-widget_type=\"text-editor.default\">\n\t\t\t\t<div class=\"elementor-widget-container\">\n\t\t\t\t\t\t\t\t\t<h4>Polo I (SEDE \/ CENTRO \/ PIMENTEIRA \/ BELO HORIZONTE).<em>\u00a0<a style=\"font-family: var( --e-global-typography-text-font-family ), Sans-serif; font-weight: var( --e-global-typography-text-font-weight ); background-color: #ffffff; font-size: 1rem;\" href=\"https:\/\/drive.google.com\/file\/d\/1HzGtjGPDJ-YucVbduwEzGpYRuCwmDfQ2\/view?usp=sharing\" target=\"_blank\" rel=\"noopener\">Clique aqui!<\/a><\/em><\/h4><div><h4>Polo II (LUZI\u00c1POLIS). <em><a style=\"font-family: var( --e-global-typography-text-font-family ), Sans-serif; font-weight: var( --e-global-typography-text-font-weight ); background-color: #ffffff; font-size: 1rem;\" href=\"https:\/\/drive.google.com\/file\/d\/14jvyiUpPUGpPOXCeRHNpXlX1gUtCZq_c\/view?usp=sharing\" target=\"_blank\" rel=\"noopener\">Clique aqui!<\/a><\/em><\/h4><h4 style=\"padding-top: 0px;\">Polo III (CH\u00c3 DA IMBIRA \/ USINA \/ MINEIRO). <em><a style=\"font-family: var( --e-global-typography-text-font-family ), Sans-serif; font-weight: var( --e-global-typography-text-font-weight ); background-color: #ffffff; font-size: 1rem;\" href=\"https:\/\/drive.google.com\/file\/d\/1nF-legS-4-xAmSREF71x3QDR3Q9fwNzu\/view?usp=sharing\" target=\"_blank\" rel=\"noopener\">Clique aqui!<\/a><\/em><\/h4><div><em><strong>Nota sobre inscri\u00e7\u00f5es n\u00e3o homologadas.\u00a0<\/strong><a style=\"font-family: var( --e-global-typography-text-font-family ), Sans-serif; font-weight: var( --e-global-typography-text-font-weight ); background-color: #ffffff; font-size: 1rem;\" href=\"https:\/\/drive.google.com\/file\/d\/1PPwnlG9dxTAr25YmX4Du9X0LNGR1Jxuj\/view?usp=sharing\" target=\"_blank\" rel=\"noopener\">Clique aqui!<\/a><\/em><\/div><\/div>\t\t\t\t\t\t\t\t<\/div>\n\t\t\t\t<\/div>\n\t\t\t\t\t<\/div>\n\t\t<\/div>\n\t\t\t\t\t<\/div>\n\t\t<\/section>\n\t\t\t\t<section class=\"elementor-section elementor-top-section elementor-element elementor-element-065e195 elementor-section-boxed elementor-section-height-default elementor-section-height-default\" data-id=\"065e195\" data-element_type=\"section\" data-e-type=\"section\">\n\t\t\t\t\t\t<div class=\"elementor-container elementor-column-gap-default\">\n\t\t\t\t\t<div class=\"elementor-column elementor-col-100 elementor-top-column elementor-element elementor-element-99bc8df\" data-id=\"99bc8df\" data-element_type=\"column\" data-e-type=\"column\">\n\t\t\t<div class=\"elementor-widget-wrap elementor-element-populated\">\n\t\t\t\t\t\t<div class=\"elementor-element elementor-element-7cff25c elementor-widget elementor-widget-heading\" data-id=\"7cff25c\" data-element_type=\"widget\" data-e-type=\"widget\" data-widget_type=\"heading.default\">\n\t\t\t\t<div class=\"elementor-widget-container\">\n\t\t\t\t\t<h2 class=\"elementor-heading-title elementor-size-default\">COMUNICADO<\/h2>\t\t\t\t<\/div>\n\t\t\t\t<\/div>\n\t\t\t\t\t<\/div>\n\t\t<\/div>\n\t\t\t\t\t<\/div>\n\t\t<\/section>\n\t\t\t\t<section class=\"elementor-section elementor-top-section elementor-element elementor-element-919ee6e elementor-section-boxed elementor-section-height-default elementor-section-height-default\" data-id=\"919ee6e\" data-element_type=\"section\" data-e-type=\"section\">\n\t\t\t\t\t\t<div class=\"elementor-container elementor-column-gap-default\">\n\t\t\t\t\t<div class=\"elementor-column elementor-col-100 elementor-top-column elementor-element elementor-element-54b4057\" data-id=\"54b4057\" data-element_type=\"column\" data-e-type=\"column\">\n\t\t\t<div class=\"elementor-widget-wrap elementor-element-populated\">\n\t\t\t\t\t\t<div class=\"elementor-element elementor-element-00ea0b8 elementor-widget elementor-widget-text-editor\" data-id=\"00ea0b8\" data-element_type=\"widget\" data-e-type=\"widget\" data-widget_type=\"text-editor.default\">\n\t\t\t\t<div class=\"elementor-widget-container\">\n\t\t\t\t\t\t\t\t\t<p>Altera\u00e7\u00e3o do Cronograma do Processo Seletivo Simplificado devido as medidas de restri\u00e7\u00f5es decorrentes da COVID-19. <a href=\"https:\/\/drive.google.com\/file\/d\/18fvx3GeZ7PfaOAJn6oazQeLWKr2O5MFj\/view?usp=sharing\"><em><strong>CLIQUE AQUI!<\/strong><\/em><\/a><\/p>\t\t\t\t\t\t\t\t<\/div>\n\t\t\t\t<\/div>\n\t\t\t\t\t<\/div>\n\t\t<\/div>\n\t\t\t\t\t<\/div>\n\t\t<\/section>\n\t\t\t\t<section class=\"elementor-section elementor-top-section elementor-element elementor-element-48bc342 elementor-section-boxed elementor-section-height-default elementor-section-height-default\" data-id=\"48bc342\" data-element_type=\"section\" data-e-type=\"section\">\n\t\t\t\t\t\t<div class=\"elementor-container elementor-column-gap-default\">\n\t\t\t\t\t<div class=\"elementor-column elementor-col-100 elementor-top-column elementor-element elementor-element-86a5d43\" data-id=\"86a5d43\" data-element_type=\"column\" data-e-type=\"column\">\n\t\t\t<div class=\"elementor-widget-wrap elementor-element-populated\">\n\t\t\t\t\t\t<div class=\"elementor-element elementor-element-761a1f7 elementor-widget elementor-widget-heading\" data-id=\"761a1f7\" data-element_type=\"widget\" data-e-type=\"widget\" data-widget_type=\"heading.default\">\n\t\t\t\t<div class=\"elementor-widget-container\">\n\t\t\t\t\t<h2 class=\"elementor-heading-title elementor-size-default\">RESULTADO PRELIMINAR DO PROCESSO SELETIVO DO PROJETO M\u00c3ES QUE ACOLHEM<\/h2>\t\t\t\t<\/div>\n\t\t\t\t<\/div>\n\t\t\t\t\t<\/div>\n\t\t<\/div>\n\t\t\t\t\t<\/div>\n\t\t<\/section>\n\t\t\t\t<section class=\"elementor-section elementor-top-section elementor-element elementor-element-788fb51 elementor-section-boxed elementor-section-height-default elementor-section-height-default\" data-id=\"788fb51\" data-element_type=\"section\" data-e-type=\"section\">\n\t\t\t\t\t\t<div class=\"elementor-container elementor-column-gap-default\">\n\t\t\t\t\t<div class=\"elementor-column elementor-col-100 elementor-top-column elementor-element elementor-element-7ca608e\" data-id=\"7ca608e\" data-element_type=\"column\" data-e-type=\"column\">\n\t\t\t<div class=\"elementor-widget-wrap elementor-element-populated\">\n\t\t\t\t\t\t<div class=\"elementor-element elementor-element-6ea962d elementor-widget elementor-widget-text-editor\" data-id=\"6ea962d\" data-element_type=\"widget\" data-e-type=\"widget\" data-widget_type=\"text-editor.default\">\n\t\t\t\t<div class=\"elementor-widget-container\">\n\t\t\t\t\t\t\t\t\t<p><strong>RESULTADO PRELIMINAR DO POLO I<\/strong>. <em><a href=\"https:\/\/drive.google.com\/file\/d\/191u47uYlOt8MRVrV-53ihLJyenFjWyyY\/view?usp=sharing\">Clique aqui!<\/a><\/em><\/p><p><strong>RESULTADO PRELIMINAR DO POLO II<\/strong>. <em><a href=\"https:\/\/drive.google.com\/file\/d\/1oTRIKJzyy_2M87VgTtoNge0Ai9NDZTBq\/view?usp=sharing\">Clique aqui!<\/a><\/em><\/p><p><strong>RESULTADO PRELIMINAR DO POLO III<\/strong>. <em><a href=\"https:\/\/drive.google.com\/file\/d\/1l0fd-Zp-kvbr78OmL8ZCoOwMpt6x6p4G\/view?usp=sharing\">Clique aqui!<\/a><\/em><\/p><p><strong>Para acessar o n\u00famero de vagas por Polo<\/strong>, <a href=\"https:\/\/drive.google.com\/file\/d\/17R934MiQu3z2JHcrDOh3gWR-hZIAYVjO\/view?usp=sharing\"><em>clique aqui!<\/em><\/a><\/p>\t\t\t\t\t\t\t\t<\/div>\n\t\t\t\t<\/div>\n\t\t\t\t\t<\/div>\n\t\t<\/div>\n\t\t\t\t\t<\/div>\n\t\t<\/section>\n\t\t\t\t<section class=\"elementor-section elementor-top-section elementor-element elementor-element-f726077 elementor-section-boxed elementor-section-height-default elementor-section-height-default\" data-id=\"f726077\" data-element_type=\"section\" data-e-type=\"section\">\n\t\t\t\t\t\t<div class=\"elementor-container elementor-column-gap-default\">\n\t\t\t\t\t<div class=\"elementor-column elementor-col-100 elementor-top-column elementor-element elementor-element-582b3d3\" data-id=\"582b3d3\" data-element_type=\"column\" data-e-type=\"column\">\n\t\t\t<div class=\"elementor-widget-wrap elementor-element-populated\">\n\t\t\t\t\t\t<div class=\"elementor-element elementor-element-a983b80 elementor-widget elementor-widget-heading\" data-id=\"a983b80\" data-element_type=\"widget\" data-e-type=\"widget\" data-widget_type=\"heading.default\">\n\t\t\t\t<div class=\"elementor-widget-container\">\n\t\t\t\t\t<h2 class=\"elementor-heading-title elementor-size-small\">LINK PARA ENVIO DE RECURSO (Dispon\u00edvel at\u00e9 05\/04, \u00e0s 23:59) - Prazo finalizado.<\/h2>\t\t\t\t<\/div>\n\t\t\t\t<\/div>\n\t\t\t\t\t<\/div>\n\t\t<\/div>\n\t\t\t\t\t<\/div>\n\t\t<\/section>\n\t\t\t\t<section class=\"elementor-section elementor-top-section elementor-element elementor-element-7c1b397 elementor-section-boxed elementor-section-height-default elementor-section-height-default\" data-id=\"7c1b397\" data-element_type=\"section\" data-e-type=\"section\">\n\t\t\t\t\t\t<div class=\"elementor-container elementor-column-gap-default\">\n\t\t\t\t\t<div class=\"elementor-column elementor-col-100 elementor-top-column elementor-element elementor-element-9e8a911\" data-id=\"9e8a911\" data-element_type=\"column\" data-e-type=\"column\">\n\t\t\t<div class=\"elementor-widget-wrap elementor-element-populated\">\n\t\t\t\t\t\t<div class=\"elementor-element elementor-element-c4cdca4 elementor-widget elementor-widget-text-editor\" data-id=\"c4cdca4\" data-element_type=\"widget\" data-e-type=\"widget\" data-widget_type=\"text-editor.default\">\n\t\t\t\t<div class=\"elementor-widget-container\">\n\t\t\t\t\t\t\t\t\t<h1 style=\"text-align: center;\"><span style=\"color: #000080;\"><strong>RESULTADO FINAL &#8211; 06\/04\/2021<\/strong><\/span><\/h1><p><span style=\"color: #000080;\"><strong>RESULTADO FINAL DO POLO I<\/strong>. <a href=\"https:\/\/drive.google.com\/file\/d\/1vXp0Uqxv56EYynuTrMjCYcDeeBqrdxvh\/view?usp=sharing\"><em>Clique aqui!<\/em><\/a><\/span><\/p><p><span style=\"color: #000080;\"><strong>RESULTADO FINAL DO POLO II<\/strong>. <a href=\"https:\/\/drive.google.com\/file\/d\/1miTZcWBaMzX2ffuzqiTpSLzWouqXTmla\/view?usp=sharing\"><em>Clique aqui!<\/em><\/a><\/span><\/p><p><span style=\"color: #000080;\"><strong>RESULTADO FINAL DO POLO III<\/strong>. <a href=\"https:\/\/drive.google.com\/file\/d\/1RODocvCiO-HYHPEO8tPPlLrmgp_w5zGO\/view?usp=sharing\"><em>Clique aqui!<\/em><\/a><\/span><\/p>\t\t\t\t\t\t\t\t<\/div>\n\t\t\t\t<\/div>\n\t\t\t\t\t<\/div>\n\t\t<\/div>\n\t\t\t\t\t<\/div>\n\t\t<\/section>\n\t\t\t\t<section class=\"elementor-section elementor-top-section elementor-element elementor-element-7cf6b0e elementor-section-boxed elementor-section-height-default elementor-section-height-default\" data-id=\"7cf6b0e\" data-element_type=\"section\" data-e-type=\"section\">\n\t\t\t\t\t\t<div class=\"elementor-container elementor-column-gap-default\">\n\t\t\t\t\t<div class=\"elementor-column elementor-col-100 elementor-top-column elementor-element elementor-element-f244c89\" data-id=\"f244c89\" data-element_type=\"column\" data-e-type=\"column\">\n\t\t\t<div class=\"elementor-widget-wrap elementor-element-populated\">\n\t\t\t\t\t\t<div class=\"elementor-element elementor-element-bdab786 elementor-widget elementor-widget-text-editor\" data-id=\"bdab786\" data-element_type=\"widget\" data-e-type=\"widget\" data-widget_type=\"text-editor.default\">\n\t\t\t\t<div class=\"elementor-widget-container\">\n\t\t\t\t\t\t\t\t\t<p>*Candidatos APROVADOS ser\u00e3o convocados imediatamente.<br \/><span style=\"color: var( --e-global-color-text ); font-family: var( --e-global-typography-text-font-family ), Sans-serif; font-weight: var( --e-global-typography-text-font-weight ); font-size: 1rem;\">*Candidatos CLASSIFICADOS formar\u00e3o cadastro reserva para futura e eventual contrata\u00e7\u00e3o, em caso de necessidade.<\/span><\/p>\t\t\t\t\t\t\t\t<\/div>\n\t\t\t\t<\/div>\n\t\t\t\t\t<\/div>\n\t\t<\/div>\n\t\t\t\t\t<\/div>\n\t\t<\/section>\n\t\t\t\t<\/div>\n\t\t","protected":false},"excerpt":{"rendered":"<p>CAMPO ALEGRE\/AL &#8211; INSCRI\u00c7\u00c3O NO PROJETO M\u00c3ES QUE ACOLHEM Para acessar o Edital, CLIQUE AQUI! Para acessar o MODELO DA DECLARA\u00c7\u00c3O DE DISPONIBILIDADE DE HOR\u00c1RIO.doc, Clique aqui!\u00a0Para acessar o MODELO DE DECLARA\u00c7\u00c3O DE N\u00c3O PENALIZA\u00c7\u00c3O ADMINISTRATIVA.doc, Clique aqui!\u00a0Para acessar o MODELO DE CURR\u00cdCULO.doc, Clique aqui! INSCRI\u00c7\u00d5ES ENCERRADAS \u00c0S 23:59, DO DIA 12\/03\/2021 INSCRI\u00c7\u00d5ES HOMOLOGADAS Polo &hellip; <\/p>\n<p class=\"link-more\"><a href=\"https:\/\/selecoes.epistemeonline.com\/index.php\/pssca022021\/\" class=\"more-link\">Continue lendo<span class=\"screen-reader-text\"> &#8220;PROCESSO SELETIVO SIMPLIFICADO SEMED N\u00ba 02\/2021&#8221;<\/span><\/a><\/p>\n","protected":false},"author":2,"featured_media":0,"parent":0,"menu_order":0,"comment_status":"closed","ping_status":"closed","template":"","meta":{"footnotes":""},"class_list":["post-881","page","type-page","status-publish","hentry"],"_links":{"self":[{"href":"https:\/\/selecoes.epistemeonline.com\/index.php\/wp-json\/wp\/v2\/pages\/881","targetHints":{"allow":["GET"]}}],"collection":[{"href":"https:\/\/selecoes.epistemeonline.com\/index.php\/wp-json\/wp\/v2\/pages"}],"about":[{"href":"https:\/\/selecoes.epistemeonline.com\/index.php\/wp-json\/wp\/v2\/types\/page"}],"author":[{"embeddable":true,"href":"https:\/\/selecoes.epistemeonline.com\/index.php\/wp-json\/wp\/v2\/users\/2"}],"replies":[{"embeddable":true,"href":"https:\/\/selecoes.epistemeonline.com\/index.php\/wp-json\/wp\/v2\/comments?post=881"}],"version-history":[{"count":83,"href":"https:\/\/selecoes.epistemeonline.com\/index.php\/wp-json\/wp\/v2\/pages\/881\/revisions"}],"predecessor-version":[{"id":2289,"href":"https:\/\/selecoes.epistemeonline.com\/index.php\/wp-json\/wp\/v2\/pages\/881\/revisions\/2289"}],"wp:attachment":[{"href":"https:\/\/selecoes.epistemeonline.com\/index.php\/wp-json\/wp\/v2\/media?parent=881"}],"curies":[{"name":"wp","href":"https:\/\/api.w.org\/{rel}","templated":true}]}}